{"id":83,"date":"2023-10-28T20:23:32","date_gmt":"2023-10-28T18:23:32","guid":{"rendered":"https:\/\/frisksportlager.se\/2026\/?page_id=83"},"modified":"2025-10-06T11:47:34","modified_gmt":"2025-10-06T09:47:34","slug":"om","status":"publish","type":"page","link":"https:\/\/frisksportlager.se\/2026\/om\/","title":{"rendered":"Om l\u00e4gret"},"content":{"rendered":"<p>[et_pb_section fb_built=&#8221;1&#8243; custom_padding_last_edited=&#8221;off|tablet&#8221; _builder_version=&#8221;4.27.4&#8243; custom_margin=&#8221;||||false|false&#8221; custom_padding=&#8221;||70px||false|false&#8221; locked=&#8221;off&#8221; global_colors_info=&#8221;{}&#8221;][et_pb_row admin_label=&#8221;M\u00e5nga programpunkter&#8221; module_id=&#8221;manga-programpunkter&#8221; _builder_version=&#8221;4.27.4&#8243; global_colors_info=&#8221;{}&#8221;][et_pb_column type=&#8221;4_4&#8243; _builder_version=&#8221;4.16&#8243; global_colors_info=&#8221;{}&#8221;][et_pb_divider color=&#8221;#061466&#8243; _builder_version=&#8221;4.22.2&#8243; custom_margin=&#8221;||0px||false|false&#8221; custom_css_main_element=&#8221;clear: both;&#8221; border_color_all=&#8221;#061466&#8243; global_colors_info=&#8221;{}&#8221;][\/et_pb_divider][et_pb_text module_id=&#8221;manga-programpunkter&#8221; module_class=&#8221;tagged tagged-h6&#8243; _builder_version=&#8221;4.24.3&#8243; global_colors_info=&#8221;{}&#8221;]<\/p>\n<h6>M\u00e5nga programpunkter<\/h6>\n<h2>L\u00e4gret med n\u00e5got f\u00f6r alla<\/h2>\n<p>[\/et_pb_text][et_pb_image src=&#8221;https:\/\/frisksportlager.se\/wp-content\/uploads\/2023\/03\/familj.png&#8221; title_text=&#8221;familj&#8221; _builder_version=&#8221;4.20.1&#8243; _module_preset=&#8221;default&#8221; background_color=&#8221;#FFE995&#8243; global_colors_info=&#8221;{}&#8221;][\/et_pb_image][et_pb_image src=&#8221;https:\/\/frisksportlager.se\/2026\/wp-content\/uploads\/sites\/9\/2024\/02\/medlem.png&#8221; title_text=&#8221;medlem&#8221; _builder_version=&#8221;4.27.4&#8243; background_color=&#8221;#FFE995&#8243; width=&#8221;13%&#8221; width_tablet=&#8221;13%&#8221; width_phone=&#8221;15%&#8221; width_last_edited=&#8221;on|phone&#8221; custom_margin=&#8221;||||false|false&#8221; custom_css_main_element=&#8221;float: left;||clear: both;&#8221; global_colors_info=&#8221;{}&#8221;][\/et_pb_image][et_pb_text module_class=&#8221;averta-regular&#8221; _builder_version=&#8221;4.27.4&#8243; custom_margin=&#8221;|||13%|false|false&#8221; custom_padding=&#8221;|||30px|false|false&#8221; global_colors_info=&#8221;{}&#8221;]<\/p>\n<h4>V\u00e4lj sj\u00e4lv<\/h4>\n<h5>Under l\u00e4gerveckan finns m\u00e5nga aktiviteter f\u00f6r stora och sm\u00e5. Deltagarna v\u00e4ljer sj\u00e4lva hur mycket eller lite man vill vara med p\u00e5. Vissa vill vara med p\u00e5 s\u00e5 mycket som m\u00f6jligt medan andra hellre tar det lugnare och \u00e4ter glass, badar, tittar p\u00e5 t\u00e4vlingar och pratar med folk.<\/h5>\n<p>[\/et_pb_text][et_pb_image src=&#8221;https:\/\/frisksportlager.se\/2026\/wp-content\/uploads\/sites\/9\/2024\/02\/vattenflaska.png&#8221; title_text=&#8221;vattenflaska&#8221; _builder_version=&#8221;4.27.4&#8243; background_color=&#8221;#FFE995&#8243; width=&#8221;13%&#8221; width_tablet=&#8221;13%&#8221; width_phone=&#8221;15%&#8221; width_last_edited=&#8221;on|phone&#8221; custom_margin=&#8221;||||false|false&#8221; custom_css_main_element=&#8221;float: left;||clear: both;&#8221; global_colors_info=&#8221;{}&#8221;][\/et_pb_image][et_pb_text module_class=&#8221;averta-regular&#8221; _builder_version=&#8221;4.27.4&#8243; custom_margin=&#8221;|||13%|false|false&#8221; custom_padding=&#8221;|||30px|false|false&#8221; global_colors_info=&#8221;{}&#8221;]<\/p>\n<h4>T\u00e4vling och tr\u00e4ning<\/h4>\n<h5>F\u00f6r den som vill finns m\u00e5nga olika t\u00e4vlingar att delta i f\u00f6r b\u00e5de vuxna och barn, till exempel orientering, trampolin, fotboll, volleyboll, boule, m\u00e5ngkamp och stafett. Vill man inte t\u00e4vla men \u00e4nd\u00e5 idrotta finns flera olika tr\u00e4ningspass varje dag och ett aktivitetsomr\u00e5de med bland annat trampoliner och jonglering.<\/h5>\n<p>[\/et_pb_text][et_pb_image src=&#8221;https:\/\/frisksportlager.se\/2026\/wp-content\/uploads\/sites\/9\/2024\/02\/keps.png&#8221; title_text=&#8221;keps&#8221; _builder_version=&#8221;4.27.4&#8243; background_color=&#8221;#FFE995&#8243; width=&#8221;13%&#8221; width_tablet=&#8221;13%&#8221; width_phone=&#8221;15%&#8221; width_last_edited=&#8221;on|phone&#8221; custom_margin=&#8221;||||false|false&#8221; custom_css_main_element=&#8221;float: left;||clear: both;&#8221; global_colors_info=&#8221;{}&#8221;][\/et_pb_image][et_pb_text module_class=&#8221;averta-regular&#8221; _builder_version=&#8221;4.27.4&#8243; custom_margin=&#8221;|||13%|false|false&#8221; custom_padding=&#8221;|||30px|false|false&#8221; global_colors_info=&#8221;{}&#8221;]<\/p>\n<h4>Barn och ungdomar<\/h4>\n<h5>F\u00f6r barn och ungdomar finns ett helt eget utbud av programpunkter. F\u00f6r de yngsta finns pysselaktiviteter, lekplatsen &#8221;Knattek\u00f6ping&#8221;, barngympa och knattekamp och f\u00f6r ungdomar ordnas roliga lekar, utmaningar och &#8221;h\u00e4ng\u201d med nya kompisar.<\/h5>\n<p>[\/et_pb_text][et_pb_image src=&#8221;https:\/\/frisksportlager.se\/2026\/wp-content\/uploads\/sites\/9\/2024\/02\/mickrofon.png&#8221; title_text=&#8221;mickrofon&#8221; _builder_version=&#8221;4.27.4&#8243; background_color=&#8221;#FFE995&#8243; width=&#8221;13%&#8221; width_tablet=&#8221;13%&#8221; width_phone=&#8221;15%&#8221; width_last_edited=&#8221;on|tablet&#8221; custom_margin=&#8221;||||false|false&#8221; custom_css_main_element=&#8221;float: left;||clear: both;&#8221; global_colors_info=&#8221;{}&#8221;][\/et_pb_image][et_pb_text _builder_version=&#8221;4.27.4&#8243; custom_margin=&#8221;|||13%|false|false&#8221; custom_padding=&#8221;|||30px|false|false&#8221; global_colors_info=&#8221;{}&#8221;]<\/p>\n<h4>Kultur<\/h4>\n<h5>L\u00e4gret erbjuder ocks\u00e5 mer kulturella aktiviteter som f\u00f6rel\u00e4sningar, quiz, utflykter, tipspromenad, fotostig, musikunderh\u00e5llning och l\u00e4gerb\u00e5l.<\/h5>\n<p>[\/et_pb_text][et_pb_image src=&#8221;https:\/\/frisksportlager.se\/2026\/wp-content\/uploads\/sites\/9\/2024\/02\/talt.png&#8221; title_text=&#8221;talt&#8221; _builder_version=&#8221;4.27.4&#8243; background_color=&#8221;#FFE995&#8243; width=&#8221;13%&#8221; width_tablet=&#8221;13%&#8221; width_phone=&#8221;15%&#8221; width_last_edited=&#8221;on|tablet&#8221; custom_margin=&#8221;||||false|false&#8221; custom_css_main_element=&#8221;float: left;||clear: both;&#8221; global_colors_info=&#8221;{}&#8221;][\/et_pb_image][et_pb_text _builder_version=&#8221;4.27.4&#8243; custom_margin=&#8221;|||13%|false|false&#8221; custom_padding=&#8221;|||30px|false|false&#8221; global_colors_info=&#8221;{}&#8221;]<\/p>\n<h4>Boende och mat<\/h4>\n<h5><span>P\u00e5 l\u00e4gret bor de flesta i t\u00e4lt, husvagn eller husbil. Campingboende ing\u00e5r i l\u00e4geravgiften. Mat lagar m\u00e5nga sj\u00e4lva och diskar i tillf\u00e4lliga tv\u00e4ttr\u00e4nnor som finns uppst\u00e4llda p\u00e5 l\u00e4geromr\u00e5det. Det g\u00e5r att v\u00e4lja att k\u00f6pa frukost och middag n\u00e4r du anm\u00e4ler dig. Det finns ocks\u00e5 ett l\u00e4gercaf\u00e9, ett v\u00e5ffelt\u00e4lt och en l\u00e4gergrill i l\u00e4grets centrum.<\/span><\/h5>\n<p>[\/et_pb_text][et_pb_button button_url=&#8221;@ET-DC@eyJkeW5hbWljIjp0cnVlLCJjb250ZW50IjoicG9zdF9saW5rX3VybF9wYWdlIiwic2V0dGluZ3MiOnsicG9zdF9pZCI6IjcwOSJ9fQ==@&#8221; button_text=&#8221;Aktiviteter &#8221; button_alignment=&#8221;left&#8221; disabled_on=&#8221;off|off|off&#8221; admin_label=&#8221;Knapp Till bildgalleriet&#8221; module_class=&#8221;averta-extra-bold&#8221; _builder_version=&#8221;4.27.4&#8243; _dynamic_attributes=&#8221;button_url&#8221; custom_button=&#8221;on&#8221; button_text_size=&#8221;14px&#8221; button_text_color=&#8221;#529AEE&#8221; button_bg_color=&#8221;#FFE995&#8243; button_border_width=&#8221;8px&#8221; button_border_color=&#8221;rgba(0,0,0,0)&#8221; button_border_radius=&#8221;0px&#8221; button_letter_spacing=&#8221;1.51px&#8221; button_font=&#8221;|300||on|||||&#8221; background_layout=&#8221;dark&#8221; custom_margin=&#8221;30px||11px||false|false&#8221; box_shadow_style=&#8221;preset2&#8243; locked=&#8221;off&#8221; global_colors_info=&#8221;{}&#8221;][\/et_pb_button][\/et_pb_column][\/et_pb_row][et_pb_row admin_label=&#8221;Bild&#8221; _builder_version=&#8221;4.27.4&#8243; global_colors_info=&#8221;{}&#8221;][et_pb_column type=&#8221;4_4&#8243; _builder_version=&#8221;4.16&#8243; global_colors_info=&#8221;{}&#8221;][et_pb_image src=&#8221;https:\/\/frisksportlager.se\/wp-content\/uploads\/2020\/02\/pappa_barnvagn_artikel_desk-min.jpg&#8221; align=&#8221;center&#8221; _builder_version=&#8221;4.16&#8243; background_color=&#8221;#FFE995&#8243; width=&#8221;100%&#8221; global_colors_info=&#8221;{}&#8221;][\/et_pb_image][\/et_pb_column][\/et_pb_row][et_pb_row admin_label=&#8221;Om Frisksportr\u00f6relsen&#8221; module_id=&#8221;om-frisksportrorelsen&#8221; _builder_version=&#8221;4.27.4&#8243; global_colors_info=&#8221;{}&#8221;][et_pb_column type=&#8221;4_4&#8243; _builder_version=&#8221;4.16&#8243; global_colors_info=&#8221;{}&#8221;][et_pb_divider color=&#8221;#061466&#8243; _builder_version=&#8221;4.16&#8243; custom_margin=&#8221;||0px||false|false&#8221; border_color_all=&#8221;#061466&#8243; global_colors_info=&#8221;{}&#8221;][\/et_pb_divider][et_pb_text module_id=&#8221;om-frisksport&#8221; module_class=&#8221;tagged tagged-h6&#8243; _builder_version=&#8221;4.27.4&#8243; global_colors_info=&#8221;{}&#8221;]<\/p>\n<h6>Om Frisksportr\u00f6relsen<\/h6>\n<h2>Allt h\u00e4nger ihop!<\/h2>\n<h5>Frisksport \u00e4r en ideell organisation som arbetar med h\u00e4lsa och r\u00f6relse. Frisksport handlar om att ha roligt tillsammans, v\u00e4rna om varandra och v\u00e5r omv\u00e4rld och att vara h\u00e4lsosam och aktiv. Allt detta h\u00e4nger ihop!<\/h5>\n<p>[\/et_pb_text][et_pb_image src=&#8221;https:\/\/frisksportlager.se\/2026\/wp-content\/uploads\/sites\/9\/2024\/02\/salladskal.png&#8221; title_text=&#8221;salladsk\u00e5l&#8221; _builder_version=&#8221;4.27.4&#8243; background_color=&#8221;#FFE995&#8243; width=&#8221;13%&#8221; width_tablet=&#8221;13%&#8221; width_phone=&#8221;15%&#8221; width_last_edited=&#8221;on|tablet&#8221; custom_margin=&#8221;||||false|false&#8221; custom_css_main_element=&#8221;float: left;||clear: both;&#8221; global_colors_info=&#8221;{}&#8221;][\/et_pb_image][et_pb_text module_class=&#8221;averta-regular&#8221; _builder_version=&#8221;4.27.4&#8243; custom_margin=&#8221;|||13%|false|false&#8221; custom_padding=&#8221;|||30px|false|false&#8221; global_colors_info=&#8221;{}&#8221;]<\/p>\n<h4>H\u00e4lsosam livsstil<\/h4>\n<h5>Att ta hand om sig sj\u00e4lv \u00e4r viktigt f\u00f6r att m\u00e5 bra, orka med sin vardag och f\u00e5 kroppen att h\u00e5lla l\u00e4nge. Att \u00e4ta h\u00e4lsosamt, r\u00f6ra p\u00e5 sig, sova tillr\u00e4ckligt och undvika stress \u00e4r en f\u00f6ruts\u00e4ttning f\u00f6r att orka med vardagen och h\u00e5lla sig frisk.<\/h5>\n<p>[\/et_pb_text][et_pb_image src=&#8221;https:\/\/frisksportlager.se\/2026\/wp-content\/uploads\/sites\/9\/2024\/02\/skivstang.png&#8221; title_text=&#8221;skivstang&#8221; _builder_version=&#8221;4.27.4&#8243; background_color=&#8221;#FFE995&#8243; width=&#8221;13%&#8221; width_tablet=&#8221;13%&#8221; width_phone=&#8221;15%&#8221; width_last_edited=&#8221;on|tablet&#8221; custom_margin=&#8221;||||false|false&#8221; custom_css_main_element=&#8221;float: left;||clear: both;&#8221; global_colors_info=&#8221;{}&#8221;][\/et_pb_image][et_pb_text module_class=&#8221;averta-regular&#8221; _builder_version=&#8221;4.27.4&#8243; custom_margin=&#8221;|||13%|false|false&#8221; custom_padding=&#8221;|||30px|false|false&#8221; global_colors_info=&#8221;{}&#8221;]<\/p>\n<h4>Aktiv vardag<\/h4>\n<h5>V\u00e5ra kroppar a\u0308r skapade fo\u0308r att ro\u0308ra p\u00e5 sig och genom att tr\u00e4na och ut\u00f6va friluftsliv m\u00e5r vi bra! Som frisksportare tr\u00e4nar du fo\u0308r din egen skull, p\u00e5 det sa\u0308tt och p\u00e5 den niv\u00e5 du sja\u0308lv va\u0308ljer.<\/h5>\n<p>[\/et_pb_text][et_pb_image src=&#8221;https:\/\/frisksportlager.se\/2026\/wp-content\/uploads\/sites\/9\/2024\/02\/lotusblomma.png&#8221; title_text=&#8221;lotusblomma&#8221; _builder_version=&#8221;4.27.4&#8243; background_color=&#8221;#FFE995&#8243; width=&#8221;13%&#8221; width_tablet=&#8221;13%&#8221; width_phone=&#8221;15%&#8221; width_last_edited=&#8221;on|tablet&#8221; custom_margin=&#8221;||||false|false&#8221; custom_css_main_element=&#8221;float: left;||clear: both;&#8221; global_colors_info=&#8221;{}&#8221;][\/et_pb_image][et_pb_text module_class=&#8221;averta-regular&#8221; _builder_version=&#8221;4.27.4&#8243; custom_margin=&#8221;|||13%|false|false&#8221; custom_padding=&#8221;|||30px|false|false&#8221; global_colors_info=&#8221;{}&#8221;]<\/p>\n<h4>Fritt fr\u00e5n droger<\/h4>\n<h5>Att tr\u00e4na och \u00e4ta nyttigt bygger upp kroppen men tobak, alkohol och andra droger bryter ner den. Alla v\u00e5ra aktiviteter \u00e4r alltid drogfria och m\u00e5nga medlemmar v\u00e4ljer ett helnyktert och tobaksfritt liv.<\/h5>\n<p>[\/et_pb_text][et_pb_image src=&#8221;https:\/\/frisksportlager.se\/2026\/wp-content\/uploads\/sites\/9\/2024\/02\/blad.png&#8221; title_text=&#8221;blad&#8221; _builder_version=&#8221;4.27.4&#8243; background_color=&#8221;#FFE995&#8243; width=&#8221;13%&#8221; width_tablet=&#8221;13%&#8221; width_phone=&#8221;15%&#8221; width_last_edited=&#8221;on|tablet&#8221; custom_margin=&#8221;||||false|false&#8221; custom_css_main_element=&#8221;float: left;||clear: both;&#8221; global_colors_info=&#8221;{}&#8221;][\/et_pb_image][et_pb_text _builder_version=&#8221;4.27.4&#8243; custom_margin=&#8221;|||13%|false|false&#8221; custom_padding=&#8221;|||30px|false|false&#8221; global_colors_info=&#8221;{}&#8221;]<\/p>\n<h4>H\u00e5llbar utveckling<\/h4>\n<h5>H\u00e5llbar utveckling inneb\u00e4r att leva p\u00e5 ett s\u00e4tt som \u00e4r h\u00e5llbart \u00e4ven f\u00f6r framtiden. Vi m\u00e5ste alla hj\u00e4lpas \u00e5t att ta hand om varandra, v\u00e5rt f\u00f6reningsliv och v\u00e5r omv\u00e4rld.<\/h5>\n<p>[\/et_pb_text][et_pb_image src=&#8221;https:\/\/frisksportlager.se\/2026\/wp-content\/uploads\/sites\/9\/2024\/02\/medlem.png&#8221; title_text=&#8221;medlem&#8221; _builder_version=&#8221;4.27.4&#8243; background_color=&#8221;#FFE995&#8243; width=&#8221;13%&#8221; width_tablet=&#8221;13%&#8221; width_phone=&#8221;15%&#8221; width_last_edited=&#8221;on|tablet&#8221; custom_margin=&#8221;||||false|false&#8221; custom_css_main_element=&#8221;float: left;||clear: both;&#8221; global_colors_info=&#8221;{}&#8221;][\/et_pb_image][et_pb_text _builder_version=&#8221;4.27.4&#8243; custom_margin=&#8221;|||13%|false|false&#8221; custom_padding=&#8221;|||30px|false|false&#8221; global_colors_info=&#8221;{}&#8221;]<\/p>\n<h4>Gemenskap<\/h4>\n<h5>I Frisksport vill vi umg\u00e5s och dela upplevelser tillsammans med andra. Hos oss \u00e4r alla v\u00e4lkomna och det finns chans att tr\u00e4ffa m\u00e4nniskor med olika bakgrund och fr\u00e5n olika delar av landet.<\/h5>\n<p>[\/et_pb_text][\/et_pb_column][\/et_pb_row][et_pb_row disabled_on=&#8221;on|on|on&#8221; _builder_version=&#8221;4.27.4&#8243; custom_margin=&#8221;||||false|false&#8221; custom_padding=&#8221;||||false|false&#8221; custom_padding_tablet=&#8221;||0px||false|false&#8221; custom_padding_phone=&#8221;|15px|0px|15px|false|true&#8221; disabled=&#8221;on&#8221; locked=&#8221;off&#8221; global_colors_info=&#8221;{}&#8221;][et_pb_column type=&#8221;4_4&#8243; _builder_version=&#8221;4.16&#8243; global_colors_info=&#8221;{}&#8221;][et_pb_divider color=&#8221;#061466&#8243; _builder_version=&#8221;4.16&#8243; custom_margin=&#8221;||0px||false|false&#8221; border_color_all=&#8221;#061466&#8243; global_colors_info=&#8221;{}&#8221;][\/et_pb_divider][et_pb_image src=&#8221;@ET-DC@eyJkeW5hbWljIjp0cnVlLCJjb250ZW50IjoicG9zdF9hdXRob3JfcHJvZmlsZV9waWN0dXJlIiwic2V0dGluZ3MiOnsiZW5hYmxlX2h0bWwiOiJvZmYifX0=@&#8221; _builder_version=&#8221;4.22.2&#8243; _dynamic_attributes=&#8221;src&#8221; background_color=&#8221;RGBA(255,255,255,0)&#8221; max_width=&#8221;80px&#8221; custom_margin=&#8221;|15px|||false|false&#8221; custom_css_main_element=&#8221;float:left;&#8221; border_radii=&#8221;on|50%|50%|50%|50%&#8221; locked=&#8221;off&#8221; global_colors_info=&#8221;{}&#8221;][\/et_pb_image][et_pb_text _builder_version=&#8221;4.22.2&#8243; text_line_height=&#8221;0.7em&#8221; header_4_letter_spacing=&#8221;0.8px&#8221; custom_margin=&#8221;15px||0px||false|false&#8221; custom_padding=&#8221;0px||0px||false|false&#8221; custom_css_main_element=&#8221;float:left;&#8221; locked=&#8221;off&#8221; global_colors_info=&#8221;{}&#8221;]<\/p>\n<h4>Namn p\u00e5 ansvarig<\/h4>\n<h6>L\u00e4gerledning<\/h6>\n<p>[\/et_pb_text][et_pb_text disabled_on=&#8221;off|off|off&#8221; module_class=&#8221;averta-extra-bold&#8221; _builder_version=&#8221;4.22.2&#8243; text_font=&#8221;|||on|||||&#8221; text_text_color=&#8221;#529AEE&#8221; text_letter_spacing=&#8221;1.51px&#8221; text_orientation=&#8221;center&#8221; max_width=&#8221;180px&#8221; custom_margin=&#8221;15px||||false|false&#8221; custom_padding=&#8221;10px|18px|10px|18px|true|true&#8221; link_option_url=&#8221;https:\/\/frisksportlager.se\/kontakt\/#info&#8221; custom_css_main_element=&#8221;float: right;&#8221; border_width_all=&#8221;2px&#8221; border_color_all=&#8221;#529AEE&#8221; locked=&#8221;off&#8221; global_colors_info=&#8221;{}&#8221;]<\/p>\n<p>Fr\u00e5gor?<\/p>\n<p>[\/et_pb_text][\/et_pb_column][\/et_pb_row][\/et_pb_section][et_pb_section fb_built=&#8221;1&#8243; disabled_on=&#8221;on|on|on&#8221; admin_label=&#8221;Sektion&#8221; module_class=&#8221;stop&#8221; _builder_version=&#8221;4.22.2&#8243; _module_preset=&#8221;default&#8221; disabled=&#8221;on&#8221; locked=&#8221;off&#8221; global_colors_info=&#8221;{}&#8221;][et_pb_row disabled_on=&#8221;off|off|off&#8221; admin_label=&#8221;anmalan kommer snart&#8221; module_id=&#8221;anmalan-till-lagret&#8221; module_class=&#8221;btn-inline&#8221; _builder_version=&#8221;4.16&#8243; background_color=&#8221;#009EFF&#8221; width=&#8221;100%&#8221; width_last_edited=&#8221;off|desktop&#8221; max_width=&#8221;100%&#8221; max_width_tablet=&#8221;100%&#8221; custom_margin=&#8221;|||||false&#8221; custom_margin_tablet=&#8221;|0px||0px|false|false&#8221; custom_margin_phone=&#8221;|0px||0px|false|true&#8221; custom_margin_last_edited=&#8221;on|tablet&#8221; custom_padding=&#8221;60px||60px||false|false&#8221; custom_padding_tablet=&#8221;||||false|false&#8221; custom_padding_phone=&#8221;|0px||0px|false|true&#8221; locked=&#8221;off&#8221; global_colors_info=&#8221;{}&#8221;][et_pb_column type=&#8221;4_4&#8243; _builder_version=&#8221;4.16&#8243; global_colors_info=&#8221;{}&#8221;][et_pb_text admin_label=&#8221;Text Rubrik&#8221; module_class=&#8221;averta-bold&#8221; _builder_version=&#8221;4.16&#8243; text_text_color=&#8221;#ffffff&#8221; text_font_size=&#8221;50px&#8221; text_line_height=&#8221;93px&#8221; header_2_text_color=&#8221;#ffffff&#8221; header_2_font_size=&#8221;48px&#8221; header_3_text_color=&#8221;#ffffff&#8221; header_6_text_color=&#8221;#ffffff&#8221; background_color=&#8221;rgba(255,255,255,0)&#8221; text_orientation=&#8221;center&#8221; custom_margin=&#8221;||0px||false|false&#8221; custom_margin_tablet=&#8221;&#8221; custom_margin_phone=&#8221;||10px||false|false&#8221; custom_margin_last_edited=&#8221;on|phone&#8221; custom_padding=&#8221;|0px||0px|false|false&#8221; text_font_size_tablet=&#8221;40px&#8221; text_font_size_phone=&#8221;30px&#8221; text_font_size_last_edited=&#8221;on|phone&#8221; text_line_height_tablet=&#8221;80px&#8221; text_line_height_phone=&#8221;32px&#8221; text_line_height_last_edited=&#8221;on|phone&#8221; header_2_font_size_tablet=&#8221;40px&#8221; header_2_font_size_phone=&#8221;25px&#8221; header_2_font_size_last_edited=&#8221;on|phone&#8221; border_width_top_tablet=&#8221;&#8221; border_width_top_phone=&#8221;&#8221; border_width_top_last_edited=&#8221;on|phone&#8221; border_width_right_tablet=&#8221;&#8221; border_width_right_phone=&#8221;&#8221; border_width_right_last_edited=&#8221;on|tablet&#8221; border_width_left_tablet=&#8221;&#8221; border_width_left_phone=&#8221;&#8221; border_width_left_last_edited=&#8221;on|phone&#8221; global_colors_info=&#8221;{}&#8221;]<\/p>\n<h2>Anm\u00e4lan till l\u00e4gret<\/h2>\n<p>[\/et_pb_text][et_pb_text admin_label=&#8221;Text Mer om anm\u00e4lan&#8221; module_class=&#8221;averta-bold&#8221; _builder_version=&#8221;4.16&#8243; text_text_color=&#8221;#ffffff&#8221; text_font_size=&#8221;20px&#8221; text_line_height=&#8221;25px&#8221; header_2_text_color=&#8221;#ffffff&#8221; header_2_font_size=&#8221;48px&#8221; header_3_text_color=&#8221;#ffffff&#8221; header_6_text_color=&#8221;#ffffff&#8221; background_color=&#8221;#009EFF&#8221; text_orientation=&#8221;center&#8221; width=&#8221;530px&#8221; width_tablet=&#8221;90%&#8221; width_phone=&#8221;90%&#8221; width_last_edited=&#8221;on|desktop&#8221; module_alignment=&#8221;center&#8221; custom_margin=&#8221;15px||30px||false|false&#8221; custom_padding=&#8221;|10px||10px|false|false&#8221; text_font_size_tablet=&#8221;20px&#8221; text_font_size_phone=&#8221;16px&#8221; text_font_size_last_edited=&#8221;on|phone&#8221; text_line_height_tablet=&#8221;25px&#8221; text_line_height_phone=&#8221;22px&#8221; text_line_height_last_edited=&#8221;on|desktop&#8221; header_2_font_size_tablet=&#8221;40px&#8221; header_2_font_size_phone=&#8221;25px&#8221; header_2_font_size_last_edited=&#8221;on|phone&#8221; border_width_top_tablet=&#8221;&#8221; border_width_top_phone=&#8221;&#8221; border_width_top_last_edited=&#8221;on|phone&#8221; border_width_right_tablet=&#8221;&#8221; border_width_right_phone=&#8221;&#8221; border_width_right_last_edited=&#8221;on|tablet&#8221; border_width_left_tablet=&#8221;&#8221; border_width_left_phone=&#8221;&#8221; border_width_left_last_edited=&#8221;on|phone&#8221; global_colors_info=&#8221;{}&#8221;]<\/p>\n<p>Klicka h\u00e4r f\u00f6r att l\u00e4sa mer om hur du anm\u00e4ler dig. Sedan klickar du dig vidare till v\u00e5rt anm\u00e4lningssystem.<\/p>\n<p>[\/et_pb_text][et_pb_text disabled_on=&#8221;off|off|off&#8221; _builder_version=&#8221;4.21.0&#8243; text_font=&#8221;Averta-Bold|||on|||||&#8221; text_text_color=&#8221;#0080df&#8221; text_letter_spacing=&#8221;1.51px&#8221; background_color=&#8221;#fff6a2&#8243; text_orientation=&#8221;center&#8221; custom_margin=&#8221;|15px|15px|15px|false|true&#8221; custom_padding=&#8221;10px|18px|10px|18px|true|true&#8221; link_option_url=&#8221;https:\/\/frisksportlager.se\/anmalan-2023&#8243; text_font_size_tablet=&#8221;&#8221; text_font_size_phone=&#8221;13px&#8221; text_font_size_last_edited=&#8221;on|phone&#8221; text_letter_spacing_tablet=&#8221;&#8221; text_letter_spacing_phone=&#8221;1.4px&#8221; text_letter_spacing_last_edited=&#8221;on|phone&#8221; custom_css_main_element=&#8221;display: inline-block;||min-width: 253px;&#8221; border_width_all=&#8221;2px&#8221; border_color_all=&#8221;#fff6a2&#8243; box_shadow_style=&#8221;preset2&#8243; locked=&#8221;off&#8221; global_colors_info=&#8221;{}&#8221; custom_css_main_element_last_edited=&#8221;on|phone&#8221; custom_css_main_element_phone=&#8221;display: inline-block;||min-width: 200px;&#8221; custom_css_main_element_tablet=&#8221;display: inline-block;||min-width: 253px;&#8221;]<\/p>\n<p>Till anm\u00e4lan<\/p>\n<p>[\/et_pb_text][et_pb_text disabled_on=&#8221;off|off|off&#8221; _builder_version=&#8221;4.21.0&#8243; text_font=&#8221;Averta-Bold|||on|||||&#8221; text_text_color=&#8221;#FFF6A2&#8243; text_letter_spacing=&#8221;1.51px&#8221; text_orientation=&#8221;center&#8221; custom_margin=&#8221;|15px||15px|false|true&#8221; custom_padding=&#8221;10px|18px|10px|18px|true|true&#8221; link_option_url=&#8221;https:\/\/frisksportlager.se\/om-lagret\/&#8221; text_font_size_tablet=&#8221;&#8221; text_font_size_phone=&#8221;13px&#8221; text_font_size_last_edited=&#8221;on|desktop&#8221; text_letter_spacing_tablet=&#8221;&#8221; text_letter_spacing_phone=&#8221;1.4px&#8221; text_letter_spacing_last_edited=&#8221;on|phone&#8221; custom_css_main_element=&#8221;display: inline-block;||min-width: 253px;&#8221; border_width_all=&#8221;2px&#8221; border_color_all=&#8221;#FFF6A2&#8243; locked=&#8221;off&#8221; global_colors_info=&#8221;{}&#8221; custom_css_main_element_last_edited=&#8221;on|phone&#8221; custom_css_main_element_phone=&#8221;display: inline-block;||min-width: 200px;&#8221; custom_css_main_element_tablet=&#8221;display: inline-block;||min-width: 253px;&#8221;]<\/p>\n<p>Mer om l\u00e4gret<\/p>\n<p>[\/et_pb_text][\/et_pb_column][\/et_pb_row][\/et_pb_section]<\/p>\n","protected":false},"excerpt":{"rendered":"<p>M\u00e5nga programpunkter L\u00e4gret med n\u00e5got f\u00f6r allaV\u00e4lj sj\u00e4lv Under l\u00e4gerveckan finns m\u00e5nga aktiviteter f\u00f6r stora och sm\u00e5. Deltagarna v\u00e4ljer sj\u00e4lva hur mycket eller lite man vill vara med p\u00e5. Vissa vill vara med p\u00e5 s\u00e5 mycket som m\u00f6jligt medan andra hellre tar det lugnare och \u00e4ter glass, badar, tittar p\u00e5 t\u00e4vlingar och pratar med folk.T\u00e4vling [&hellip;]<\/p>\n","protected":false},"author":2,"featured_media":0,"parent":0,"menu_order":0,"comment_status":"closed","ping_status":"closed","template":"","meta":{"_acf_changed":false,"_et_pb_use_builder":"on","_et_pb_old_content":"","_et_gb_content_width":"","_lmt_disableupdate":"no","_lmt_disable":"","_view_id":"","footnotes":""},"class_list":["post-83","page","type-page","status-publish","hentry"],"acf":[],"_links":{"self":[{"href":"https:\/\/frisksportlager.se\/2026\/wp-json\/wp\/v2\/pages\/83","targetHints":{"allow":["GET"]}}],"collection":[{"href":"https:\/\/frisksportlager.se\/2026\/wp-json\/wp\/v2\/pages"}],"about":[{"href":"https:\/\/frisksportlager.se\/2026\/wp-json\/wp\/v2\/types\/page"}],"author":[{"embeddable":true,"href":"https:\/\/frisksportlager.se\/2026\/wp-json\/wp\/v2\/users\/2"}],"replies":[{"embeddable":true,"href":"https:\/\/frisksportlager.se\/2026\/wp-json\/wp\/v2\/comments?post=83"}],"version-history":[{"count":82,"href":"https:\/\/frisksportlager.se\/2026\/wp-json\/wp\/v2\/pages\/83\/revisions"}],"predecessor-version":[{"id":1889,"href":"https:\/\/frisksportlager.se\/2026\/wp-json\/wp\/v2\/pages\/83\/revisions\/1889"}],"wp:attachment":[{"href":"https:\/\/frisksportlager.se\/2026\/wp-json\/wp\/v2\/media?parent=83"}],"curies":[{"name":"wp","href":"https:\/\/api.w.org\/{rel}","templated":true}]}}