{"id":762,"date":"2024-04-12T09:32:08","date_gmt":"2024-04-12T07:32:08","guid":{"rendered":"https:\/\/frisksportlager.se\/2026\/?page_id=762"},"modified":"2025-10-09T11:03:31","modified_gmt":"2025-10-09T09:03:31","slug":"lagerhistoria","status":"publish","type":"page","link":"https:\/\/frisksportlager.se\/2026\/lagerhistoria\/","title":{"rendered":"L\u00e4gerhistoria"},"content":{"rendered":"<p>[et_pb_section fb_built=&#8221;1&#8243; custom_padding_last_edited=&#8221;off|tablet&#8221; _builder_version=&#8221;4.16&#8243; custom_margin=&#8221;||||false|false&#8221; custom_padding=&#8221;||0px||false|false&#8221; locked=&#8221;off&#8221; global_colors_info=&#8221;{}&#8221;][et_pb_row admin_label=&#8221;L\u00e4grets historia&#8221; module_id=&#8221;lagrets-historia&#8221; _builder_version=&#8221;4.27.4&#8243; _module_preset=&#8221;default&#8221; global_colors_info=&#8221;{}&#8221;][et_pb_column type=&#8221;4_4&#8243; _builder_version=&#8221;4.24.3&#8243; _module_preset=&#8221;default&#8221; global_colors_info=&#8221;{}&#8221;][et_pb_divider color=&#8221;#061466&#8243; _builder_version=&#8221;4.16&#8243; custom_margin=&#8221;||||false|false&#8221; custom_margin_tablet=&#8221;15px||||false|false&#8221; custom_margin_phone=&#8221;&#8221; custom_margin_last_edited=&#8221;on|phone&#8221; custom_css_main_element=&#8221;clear: left;&#8221; border_color_all=&#8221;#061466&#8243; locked=&#8221;off&#8221; global_colors_info=&#8221;{}&#8221;][\/et_pb_divider][et_pb_text module_id=&#8221;lagrets-historia&#8221; module_class=&#8221;tagged tagged-h6&#8243; _builder_version=&#8221;4.27.4&#8243; z_index=&#8221;0&#8243; hover_enabled=&#8221;0&#8243; locked=&#8221;off&#8221; global_colors_info=&#8221;{}&#8221; sticky_enabled=&#8221;0&#8243;]<\/p>\n<h6>L\u00e4grets historia<\/h6>\n<h2>Gemenskap, motion och gl\u00e4dje sedan 1934<\/h2>\n<h5>Det f\u00f6rsta l\u00e4gret arrangerades 1934 vid Flaten utanf\u00f6r Stockholm. De olika frisksportdistrikten turas om att arrangera riksl\u00e4gren p\u00e5 olika platser runt om i Sverige. Ett l\u00e4ger brukar locka mellan 1 000 och 1 300 deltagare.<\/h5>\n<h5>Frisksportl\u00e4gret \u00e4r ett stort arrangemang med fokus p\u00e5 gl\u00e4dje, gemenskap och en h\u00e4lsosam livsstil f\u00f6r alla \u00e5ldrar! L\u00e4gret \u00e4r sedan starten p\u00e5 30-talet fritt fr\u00e5n tobak, alkohol och andra droger.<\/h5>\n<p>[\/et_pb_text][et_pb_image src=&#8221;https:\/\/frisksportlager.se\/2026\/wp-content\/uploads\/sites\/9\/2024\/12\/Aktuellt-o-ovrigt-1250&#215;500-13.png&#8221; title_text=&#8221;Aktuellt o \u00f6vrigt 1250&#215;500&#8243; _builder_version=&#8221;4.27.4&#8243; _module_preset=&#8221;default&#8221; global_colors_info=&#8221;{}&#8221;][\/et_pb_image][\/et_pb_column][\/et_pb_row][et_pb_row admin_label=&#8221;L\u00e4gerplatser&#8221; module_id=&#8221;lagerplatser&#8221; _builder_version=&#8221;4.27.4&#8243; _module_preset=&#8221;default&#8221; global_colors_info=&#8221;{}&#8221;][et_pb_column type=&#8221;4_4&#8243; _builder_version=&#8221;4.27.4&#8243; _module_preset=&#8221;default&#8221; global_colors_info=&#8221;{}&#8221;][et_pb_divider color=&#8221;#061466&#8243; admin_label=&#8221;Avdelare&#8221; _builder_version=&#8221;4.27.4&#8243; custom_margin=&#8221;||||false|false&#8221; custom_margin_tablet=&#8221;15px||||false|false&#8221; custom_margin_phone=&#8221;&#8221; custom_margin_last_edited=&#8221;on|phone&#8221; custom_css_main_element=&#8221;clear: left;&#8221; border_color_all=&#8221;#061466&#8243; locked=&#8221;off&#8221; global_colors_info=&#8221;{}&#8221;][\/et_pb_divider][et_pb_text module_class=&#8221;tagged tagged-h6&#8243; _builder_version=&#8221;4.27.4&#8243; hover_enabled=&#8221;0&#8243; global_colors_info=&#8221;{}&#8221; sticky_enabled=&#8221;0&#8243;]<\/p>\n<h6>\u00a0<\/h6>\n<h6>L\u00e4gerplatser<\/h6>\n<h2>Lista p\u00e5 l\u00e4ger sedan starten<\/h2>\n<h5>Arrang\u00f6rskapet flyttar runt bland olika frisksportklubbar och -distrikt varje \u00e5r. D\u00e4rf\u00f6r arrangeras ocks\u00e5 l\u00e4gret p\u00e5 olika platser varje \u00e5r \u2013 f\u00f6rutom vart femte \u00e5r d\u00e5 Stockholms och S\u00f6rmlands distrikt traditionellt ordnar l\u00e4gret p\u00e5 v\u00e5rt eget Stensund, utanf\u00f6r Trosa. H\u00e4r ser du en lista p\u00e5 alla l\u00e4gerplatser sedan 1934!<\/h5>\n<p>1934\u00a0\u00a0\u00a0\u00a0\u00a0\u00a0\u00a0\u00a0 Flaten, Stockholm<br \/>1935\u00a0\u00a0\u00a0\u00a0\u00a0\u00a0\u00a0\u00a0 Lindalen, G\u00f6teborg<br \/>1936\u00a0\u00a0\u00a0\u00a0\u00a0\u00a0\u00a0\u00a0 \u00d6rebro<br \/>1937\u00a0\u00a0\u00a0\u00a0\u00a0\u00a0\u00a0\u00a0 Domsand, J\u00f6nk\u00f6ping<br \/>1938\u00a0\u00a0\u00a0\u00a0\u00a0\u00a0\u00a0\u00a0 Norrk\u00f6ping<br \/>1939\u00a0\u00a0\u00a0\u00a0\u00a0\u00a0\u00a0\u00a0 Lindalen, G\u00f6teborg<br \/>1940\u00a0\u00a0\u00a0\u00a0\u00a0\u00a0\u00a0\u00a0 Kanaan, Stockholm (22-30\/6)<br \/>1941\u00a0\u00a0\u00a0\u00a0\u00a0\u00a0\u00a0\u00a0 Skrubba Sand, Stockholm (21-29\/6)<br \/>1942\u00a0\u00a0\u00a0\u00a0\u00a0\u00a0\u00a0\u00a0 M\u00f6rtsj\u00f6\u00e5sen, Karlskrona (20-28\/6)<br \/>1943\u00a0\u00a0\u00a0\u00a0\u00a0\u00a0\u00a0\u00a0 Ingesund, Arvika (19-27\/6)<br \/>1944\u00a0\u00a0\u00a0\u00a0\u00a0\u00a0\u00a0\u00a0 Gladtj\u00e4rn, Smedjebacken (21-29\/6)<br \/>1945\u00a0\u00a0\u00a0\u00a0\u00a0\u00a0\u00a0\u00a0 Stensund<br \/>1946\u00a0\u00a0\u00a0\u00a0\u00a0\u00a0\u00a0\u00a0 Stensund<br \/>1947\u00a0\u00a0\u00a0\u00a0\u00a0\u00a0\u00a0\u00a0 Kullaberg, Sk\u00e5ne<br \/>1948\u00a0\u00a0\u00a0\u00a0\u00a0\u00a0\u00a0\u00a0 Fr\u00f6s\u00f6, \u00d6stersund<br \/>1949\u00a0\u00a0\u00a0\u00a0\u00a0\u00a0\u00a0\u00a0 Mullsj\u00f6<br \/>1950\u00a0\u00a0\u00a0\u00a0\u00a0\u00a0\u00a0\u00a0 Stensund<br \/>1951\u00a0\u00a0\u00a0\u00a0\u00a0\u00a0\u00a0\u00a0 Fagern\u00e4s, Arbr\u00e5<br \/>1952\u00a0\u00a0\u00a0\u00a0\u00a0\u00a0\u00a0\u00a0 Ihre, Gotland<br \/>1953\u00a0\u00a0\u00a0\u00a0\u00a0\u00a0\u00a0\u00a0 Siml\u00e5ngsdalen<br \/>1954\u00a0\u00a0\u00a0\u00a0\u00a0\u00a0\u00a0\u00a0 N\u00e4s\u00e5ker, \u00c5ngermanland<br \/>1955\u00a0\u00a0\u00a0\u00a0\u00a0\u00a0\u00a0\u00a0 Amund\u00f6n, G\u00f6teborg<br \/>1956\u00a0\u00a0\u00a0\u00a0\u00a0\u00a0\u00a0\u00a0 Motala, R\u00e5ssn\u00e4s<br \/>1957\u00a0\u00a0\u00a0\u00a0\u00a0\u00a0\u00a0\u00a0 Uskavi<br \/>1958\u00a0\u00a0\u00a0\u00a0\u00a0\u00a0\u00a0\u00a0 Gr\u00e4nna<br \/>1959\u00a0\u00a0\u00a0\u00a0\u00a0\u00a0\u00a0\u00a0 Bolln\u00e4s<br \/>1960\u00a0\u00a0\u00a0\u00a0\u00a0\u00a0\u00a0\u00a0 Stensund<br \/>1961\u00a0\u00a0\u00a0\u00a0\u00a0\u00a0\u00a0\u00a0 Skan\u00f6r<br \/>1962\u00a0\u00a0\u00a0\u00a0\u00a0\u00a0\u00a0\u00a0 Brandstorp, V\u00e4sterg\u00f6tland<br \/>1963\u00a0\u00a0\u00a0\u00a0\u00a0\u00a0\u00a0\u00a0 Rans\u00e4ter<br \/>1964\u00a0\u00a0\u00a0\u00a0\u00a0\u00a0\u00a0\u00a0 Dyrsten, Orust<br \/>1965\u00a0\u00a0\u00a0\u00a0\u00a0\u00a0\u00a0\u00a0 Stensund<br \/>1966\u00a0\u00a0\u00a0\u00a0\u00a0\u00a0\u00a0\u00a0 S\u00f6rsj\u00f6n<br \/>1967\u00a0\u00a0\u00a0\u00a0\u00a0\u00a0\u00a0\u00a0 Norra Hammar<br \/>1968\u00a0\u00a0\u00a0\u00a0\u00a0\u00a0\u00a0\u00a0 Alfta<br \/>1969\u00a0\u00a0\u00a0\u00a0\u00a0\u00a0\u00a0\u00a0 H\u00e4llevik<br \/>1970\u00a0\u00a0\u00a0\u00a0\u00a0\u00a0\u00a0\u00a0 Stensund<br \/>1971\u00a0\u00a0\u00a0\u00a0\u00a0\u00a0\u00a0\u00a0 Billinge<br \/>1972\u00a0\u00a0\u00a0\u00a0\u00a0\u00a0\u00a0\u00a0 Gr\u00e4smark, V\u00e4rmland<br \/>1973\u00a0\u00a0\u00a0\u00a0\u00a0\u00a0\u00a0\u00a0 S\u00e4tila<br \/>1974\u00a0\u00a0\u00a0\u00a0\u00a0\u00a0\u00a0\u00a0 R\u00e5ssn\u00e4s, Motala<br \/>1975\u00a0\u00a0\u00a0\u00a0\u00a0\u00a0\u00a0\u00a0 Stensund<br \/>1976\u00a0\u00a0\u00a0\u00a0\u00a0\u00a0\u00a0\u00a0 Kilsbergen, \u00c5nnaboda<br \/>1977\u00a0\u00a0\u00a0\u00a0\u00a0\u00a0\u00a0\u00a0 Hestra<br \/>1978\u00a0\u00a0\u00a0\u00a0\u00a0\u00a0\u00a0\u00a0 Frostavallen, Sk\u00e5ne<br \/>1979\u00a0\u00a0\u00a0\u00a0\u00a0\u00a0\u00a0\u00a0 Brunflo<br \/>1980\u00a0\u00a0\u00a0\u00a0\u00a0\u00a0\u00a0\u00a0 Stensund<br \/>1981\u00a0\u00a0\u00a0\u00a0\u00a0\u00a0\u00a0\u00a0 Axevalla<br \/>1982\u00a0\u00a0\u00a0\u00a0\u00a0\u00a0\u00a0\u00a0 Ell\u00f6s<br \/>1983\u00a0\u00a0\u00a0\u00a0\u00a0\u00a0\u00a0\u00a0 Himmelstalund, Norrk\u00f6ping<br \/>1984\u00a0\u00a0\u00a0\u00a0\u00a0\u00a0\u00a0\u00a0 Sv\u00e4rdsj\u00f6<br \/>1985\u00a0\u00a0\u00a0\u00a0\u00a0\u00a0\u00a0\u00a0 Stensund<br \/>1986\u00a0\u00a0\u00a0\u00a0\u00a0\u00a0\u00a0\u00a0 H\u00e4sthagen, \u00d6rebro<br \/>1987\u00a0\u00a0\u00a0\u00a0\u00a0\u00a0\u00a0\u00a0 S\u00e4vsj\u00f6<br \/>1988\u00a0\u00a0\u00a0\u00a0\u00a0\u00a0\u00a0\u00a0 Lingvallen, Sk\u00e4lderviken<br \/>1989\u00a0\u00a0\u00a0\u00a0\u00a0\u00a0\u00a0\u00a0 Nossebro<br \/>1990\u00a0\u00a0\u00a0\u00a0\u00a0\u00a0\u00a0\u00a0 Stensund<br \/>1991\u00a0\u00a0\u00a0\u00a0\u00a0\u00a0\u00a0\u00a0 V\u00e5l\u00e5dalen<br \/>1992\u00a0\u00a0\u00a0\u00a0\u00a0\u00a0\u00a0\u00a0 S\u00f6derk\u00f6ping<br \/>1993\u00a0\u00a0\u00a0\u00a0\u00a0\u00a0\u00a0\u00a0 Tjol\u00f6holm<br \/>1994\u00a0\u00a0\u00a0\u00a0\u00a0\u00a0\u00a0\u00a0 S\u00e4vsj\u00f6<br \/>1995\u00a0\u00a0\u00a0\u00a0\u00a0\u00a0\u00a0\u00a0 Stensund<br \/>1996\u00a0\u00a0\u00a0\u00a0\u00a0\u00a0\u00a0\u00a0 Nora<br \/>1997\u00a0\u00a0\u00a0\u00a0\u00a0\u00a0\u00a0\u00a0 Herrevadskloster, Ljungbyhed<br \/>1998\u00a0\u00a0\u00a0\u00a0\u00a0\u00a0\u00a0\u00a0 Hjo<br \/>1999\u00a0\u00a0\u00a0\u00a0\u00a0\u00a0\u00a0\u00a0 Motala<br \/>2000\u00a0\u00a0\u00a0\u00a0\u00a0\u00a0\u00a0\u00a0 Stensund<br \/>2001\u00a0\u00a0\u00a0\u00a0\u00a0\u00a0\u00a0\u00a0 \u00d6cker\u00f6<br \/>2002\u00a0\u00a0\u00a0\u00a0\u00a0\u00a0\u00a0\u00a0 Gnosj\u00f6<br \/>2003\u00a0\u00a0\u00a0\u00a0\u00a0\u00a0\u00a0\u00a0 L\u00e5ngshyttan<br \/>2004\u00a0\u00a0\u00a0\u00a0\u00a0\u00a0\u00a0\u00a0 \u00d6rkelljunga<br \/>2005\u00a0\u00a0\u00a0\u00a0\u00a0\u00a0\u00a0\u00a0 Stensund<br \/>2006\u00a0\u00a0\u00a0\u00a0\u00a0\u00a0\u00a0\u00a0 Karlsborg<br \/>2007\u00a0\u00a0\u00a0\u00a0\u00a0\u00a0\u00a0\u00a0 Motala<br \/>2008\u00a0\u00a0\u00a0\u00a0\u00a0\u00a0\u00a0\u00a0 Hestra<br \/>2009\u00a0\u00a0\u00a0\u00a0\u00a0\u00a0\u00a0\u00a0 S\u00e4tila<br \/>2010\u00a0\u00a0\u00a0\u00a0\u00a0\u00a0\u00a0\u00a0 Stensund<br \/>2011\u00a0\u00a0\u00a0\u00a0\u00a0\u00a0\u00a0\u00a0 Forsheda (f\u00f6rbundsl\u00e4ger)<br \/>2012\u00a0\u00a0\u00a0\u00a0\u00a0\u00a0\u00a0\u00a0 Vara<br \/>2013\u00a0\u00a0\u00a0\u00a0\u00a0\u00a0\u00a0\u00a0 Hallsberg<br \/>2014\u00a0\u00a0\u00a0\u00a0\u00a0\u00a0\u00a0\u00a0 Gnosj\u00f6<br \/>2015\u00a0\u00a0\u00a0\u00a0\u00a0\u00a0\u00a0\u00a0 Stensund<br \/>2016\u00a0\u00a0\u00a0\u00a0\u00a0\u00a0\u00a0\u00a0 S\u00e4tila<br \/>2017\u00a0\u00a0\u00a0\u00a0\u00a0\u00a0\u00a0\u00a0 Hestra (f\u00f6rbundsl\u00e4ger)<br \/>2018\u00a0\u00a0\u00a0\u00a0\u00a0\u00a0\u00a0\u00a0 Karlsborg<br \/>2019\u00a0\u00a0\u00a0\u00a0\u00a0\u00a0\u00a0\u00a0 Vadstena<br \/>2020\u00a0\u00a0\u00a0\u00a0\u00a0\u00a0\u00a0\u00a0 Digitalt l\u00e4ger (pandemi)<br \/>2021 \u00a0\u00a0\u00a0\u00a0\u00a0\u00a0\u00a0 Digitalt l\u00e4ger (pandemi)<br \/>2022\u00a0\u00a0\u00a0\u00a0\u00a0\u00a0\u00a0\u00a0 Aneby<br \/>2023\u00a0\u00a0\u00a0\u00a0\u00a0\u00a0\u00a0\u00a0 Stensund (f\u00f6rbundsl\u00e4ger)<br \/>2024 \u00a0\u00a0\u00a0\u00a0\u00a0\u00a0\u00a0 Karlsborg<br \/>2025\u00a0 \u00a0 \u00a0 \u00a0 \u00a0Stensund<br \/>2026\u00a0 \u00a0 \u00a0 \u00a0 \u00a0\u00c5tvidaberg<\/p>\n<p>[\/et_pb_text][\/et_pb_column][\/et_pb_row][et_pb_row admin_label=&#8221;N\u00e5gra program&#8221; module_id=&#8221;nagra-program&#8221; _builder_version=&#8221;4.27.4&#8243; _module_preset=&#8221;default&#8221; global_colors_info=&#8221;{}&#8221;][et_pb_column type=&#8221;4_4&#8243; _builder_version=&#8221;4.18.0&#8243; _module_preset=&#8221;default&#8221; global_colors_info=&#8221;{}&#8221;][et_pb_divider color=&#8221;#061466&#8243; admin_label=&#8221;Avdelare&#8221; _builder_version=&#8221;4.27.4&#8243; custom_margin=&#8221;||||false|false&#8221; custom_margin_tablet=&#8221;15px||||false|false&#8221; custom_margin_phone=&#8221;&#8221; custom_margin_last_edited=&#8221;on|phone&#8221; custom_css_main_element=&#8221;clear: left;&#8221; border_color_all=&#8221;#061466&#8243; locked=&#8221;off&#8221; global_colors_info=&#8221;{}&#8221;][\/et_pb_divider][et_pb_text module_class=&#8221;tagged tagged-h6&#8243; _builder_version=&#8221;4.24.3&#8243; global_colors_info=&#8221;{}&#8221;]<\/p>\n<h6>N\u00e5gra program<\/h6>\n<h2>Gamla l\u00e4gerprogram<\/h2>\n<p>L\u00e5ngt ifr\u00e5n alla l\u00e4gerprogram finns sparade digitalt, men h\u00e4r kan du kika p\u00e5 n\u00e5gra vi har i pdf-format!<\/p>\n<p>[\/et_pb_text][\/et_pb_column][\/et_pb_row][et_pb_row column_structure=&#8221;1_2,1_2&#8243; _builder_version=&#8221;4.27.4&#8243; _module_preset=&#8221;default&#8221; global_colors_info=&#8221;{}&#8221;][et_pb_column type=&#8221;1_2&#8243; _builder_version=&#8221;4.18.0&#8243; _module_preset=&#8221;default&#8221; global_colors_info=&#8221;{}&#8221;][et_pb_button button_url=&#8221;https:\/\/frisksportlager.se\/2026\/wp-content\/uploads\/sites\/9\/2024\/04\/Rikslagerprogram-1941.pdf&#8221; url_new_window=&#8221;on&#8221; button_text=&#8221;Program 1951&#8243; button_alignment=&#8221;left&#8221; disabled_on=&#8221;off|off|off&#8221; admin_label=&#8221;Knapp Till bildgalleriet&#8221; module_class=&#8221;averta-extra-bold&#8221; _builder_version=&#8221;4.24.3&#8243; custom_button=&#8221;on&#8221; button_text_size=&#8221;14px&#8221; button_text_color=&#8221;#529AEE&#8221; button_bg_color=&#8221;#FFE995&#8243; button_border_width=&#8221;8px&#8221; button_border_color=&#8221;rgba(0,0,0,0)&#8221; button_border_radius=&#8221;0px&#8221; button_letter_spacing=&#8221;1.51px&#8221; button_font=&#8221;|300||on|||||&#8221; background_layout=&#8221;dark&#8221; custom_margin=&#8221;30px||11px||false|false&#8221; box_shadow_style=&#8221;preset2&#8243; locked=&#8221;off&#8221; global_colors_info=&#8221;{}&#8221;][\/et_pb_button][et_pb_button button_url=&#8221;https:\/\/frisksportlager.se\/2026\/wp-content\/uploads\/sites\/9\/2024\/04\/Lagerprogram2004-min.pdf&#8221; url_new_window=&#8221;on&#8221; button_text=&#8221;Program 2004&#8243; button_alignment=&#8221;left&#8221; disabled_on=&#8221;off|off|off&#8221; admin_label=&#8221;Knapp Till bildgalleriet&#8221; module_class=&#8221;averta-extra-bold&#8221; _builder_version=&#8221;4.24.3&#8243; custom_button=&#8221;on&#8221; button_text_size=&#8221;14px&#8221; button_text_color=&#8221;#529AEE&#8221; button_bg_color=&#8221;#FFE995&#8243; button_border_width=&#8221;8px&#8221; button_border_color=&#8221;rgba(0,0,0,0)&#8221; button_border_radius=&#8221;0px&#8221; button_letter_spacing=&#8221;1.51px&#8221; button_font=&#8221;|300||on|||||&#8221; background_layout=&#8221;dark&#8221; custom_margin=&#8221;30px||11px||false|false&#8221; box_shadow_style=&#8221;preset2&#8243; locked=&#8221;off&#8221; global_colors_info=&#8221;{}&#8221;][\/et_pb_button][\/et_pb_column][et_pb_column type=&#8221;1_2&#8243; _builder_version=&#8221;4.18.0&#8243; _module_preset=&#8221;default&#8221; global_colors_info=&#8221;{}&#8221;][et_pb_button button_url=&#8221;https:\/\/frisksportlager.se\/2026\/wp-content\/uploads\/sites\/9\/2024\/04\/rikslager2005progr.pdf&#8221; url_new_window=&#8221;on&#8221; button_text=&#8221;Program 2005&#8243; button_alignment=&#8221;left&#8221; disabled_on=&#8221;off|off|off&#8221; admin_label=&#8221;Knapp Till bildgalleriet&#8221; module_class=&#8221;averta-extra-bold&#8221; _builder_version=&#8221;4.24.3&#8243; custom_button=&#8221;on&#8221; button_text_size=&#8221;14px&#8221; button_text_color=&#8221;#529AEE&#8221; button_bg_color=&#8221;#FFE995&#8243; button_border_width=&#8221;8px&#8221; button_border_color=&#8221;rgba(0,0,0,0)&#8221; button_border_radius=&#8221;0px&#8221; button_letter_spacing=&#8221;1.51px&#8221; button_font=&#8221;|300||on|||||&#8221; background_layout=&#8221;dark&#8221; custom_margin=&#8221;30px||11px||false|false&#8221; box_shadow_style=&#8221;preset2&#8243; locked=&#8221;off&#8221; global_colors_info=&#8221;{}&#8221;][\/et_pb_button][et_pb_button button_url=&#8221;https:\/\/frisksportlager.se\/2026\/wp-content\/uploads\/sites\/9\/2024\/04\/Stensund-2015_programbok.pdf&#8221; url_new_window=&#8221;on&#8221; button_text=&#8221;Program 2015&#8243; button_alignment=&#8221;left&#8221; disabled_on=&#8221;off|off|off&#8221; admin_label=&#8221;Knapp Till bildgalleriet&#8221; module_class=&#8221;averta-extra-bold&#8221; _builder_version=&#8221;4.24.3&#8243; custom_button=&#8221;on&#8221; button_text_size=&#8221;14px&#8221; button_text_color=&#8221;#529AEE&#8221; button_bg_color=&#8221;#FFE995&#8243; button_border_width=&#8221;8px&#8221; button_border_color=&#8221;rgba(0,0,0,0)&#8221; button_border_radius=&#8221;0px&#8221; button_letter_spacing=&#8221;1.51px&#8221; button_font=&#8221;|300||on|||||&#8221; background_layout=&#8221;dark&#8221; custom_margin=&#8221;30px||11px||false|false&#8221; box_shadow_style=&#8221;preset2&#8243; locked=&#8221;off&#8221; global_colors_info=&#8221;{}&#8221;][\/et_pb_button][\/et_pb_column][\/et_pb_row][et_pb_row disabled_on=&#8221;on|on|on&#8221; _builder_version=&#8221;4.27.4&#8243; min_height=&#8221;43px&#8221; custom_margin=&#8221;||||false|false&#8221; custom_padding=&#8221;0px||2px||false|true&#8221; disabled=&#8221;on&#8221; global_colors_info=&#8221;{}&#8221;][et_pb_column type=&#8221;4_4&#8243; _builder_version=&#8221;4.16&#8243; global_colors_info=&#8221;{}&#8221;][et_pb_text _builder_version=&#8221;4.20.4&#8243; global_colors_info=&#8221;{}&#8221;]<\/p>\n<h5><span style=\"font-size: 16px;\">Mer information om t\u00e4vlingarna kommer n\u00e4r l\u00e4gerprogrammet med tider och platser \u00e4r f\u00e4rdigt!<\/span><\/h5>\n<p>[\/et_pb_text][\/et_pb_column][\/et_pb_row][et_pb_row disabled_on=&#8221;on|on|on&#8221; _builder_version=&#8221;4.27.4&#8243; custom_margin=&#8221;||||false|false&#8221; custom_padding=&#8221;||||false|false&#8221; custom_padding_tablet=&#8221;||0px||false|false&#8221; custom_padding_phone=&#8221;|15px|0px|15px|false|true&#8221; disabled=&#8221;on&#8221; locked=&#8221;off&#8221; global_colors_info=&#8221;{}&#8221;][et_pb_column type=&#8221;4_4&#8243; _builder_version=&#8221;4.16&#8243; global_colors_info=&#8221;{}&#8221;][et_pb_divider color=&#8221;#061466&#8243; _builder_version=&#8221;4.16&#8243; custom_margin=&#8221;||0px||false|false&#8221; border_color_all=&#8221;#061466&#8243; global_colors_info=&#8221;{}&#8221;][\/et_pb_divider][et_pb_image src=&#8221;@ET-DC@eyJkeW5hbWljIjp0cnVlLCJjb250ZW50IjoicG9zdF9hdXRob3JfcHJvZmlsZV9waWN0dXJlIiwic2V0dGluZ3MiOnt9fQ==@&#8221; _builder_version=&#8221;4.22.2&#8243; _dynamic_attributes=&#8221;src&#8221; max_width=&#8221;80px&#8221; custom_margin=&#8221;|15px|||false|false&#8221; custom_css_main_element=&#8221;float: left;||clear: left;&#8221; border_radii=&#8221;on|50%|50%|50%|50%&#8221; global_colors_info=&#8221;{}&#8221;][\/et_pb_image][et_pb_text _builder_version=&#8221;4.22.2&#8243; header_4_letter_spacing=&#8221;0.8px&#8221; custom_margin=&#8221;15px||0px||false|false&#8221; custom_padding=&#8221;0px||0px||false|false&#8221; custom_css_main_element=&#8221;float:left;&#8221; global_colors_info=&#8221;{}&#8221;]<\/p>\n<h4>Namn p\u00e5 ansvarig<\/h4>\n<h6>T\u00e4vlingsansvarig<\/h6>\n<p>[\/et_pb_text][et_pb_text disabled_on=&#8221;off|off|off&#8221; module_class=&#8221;averta-extra-bold&#8221; _builder_version=&#8221;4.16&#8243; text_font=&#8221;|||on|||||&#8221; text_text_color=&#8221;#0080df&#8221; text_letter_spacing=&#8221;1.51px&#8221; text_orientation=&#8221;center&#8221; max_width=&#8221;180px&#8221; custom_margin=&#8221;15px||||false|false&#8221; custom_padding=&#8221;10px|18px|10px|18px|true|true&#8221; link_option_url=&#8221;https:\/\/frisksportlager.se\/kontakt\/#tavling&#8221; custom_css_main_element=&#8221;float: right;&#8221; border_width_all=&#8221;2px&#8221; border_color_all=&#8221;#0080df&#8221; locked=&#8221;off&#8221; global_colors_info=&#8221;{}&#8221;]<\/p>\n<p>Fr\u00e5gor?<\/p>\n<p>[\/et_pb_text][\/et_pb_column][\/et_pb_row][\/et_pb_section]<\/p>\n","protected":false},"excerpt":{"rendered":"<p>L\u00e4grets historia Gemenskap, motion och gl\u00e4dje sedan 1934 Det f\u00f6rsta l\u00e4gret arrangerades 1934 vid Flaten utanf\u00f6r Stockholm. De olika frisksportdistrikten turas om att arrangera riksl\u00e4gren p\u00e5 olika platser runt om i Sverige. Ett l\u00e4ger brukar locka mellan 1 000 och 1 300 deltagare. Frisksportl\u00e4gret \u00e4r ett stort arrangemang med fokus p\u00e5 gl\u00e4dje, gemenskap och en [&hellip;]<\/p>\n","protected":false},"author":9,"featured_media":0,"parent":0,"menu_order":0,"comment_status":"closed","ping_status":"closed","template":"","meta":{"_acf_changed":false,"_et_pb_use_builder":"on","_et_pb_old_content":"","_et_gb_content_width":"","_lmt_disableupdate":"no","_lmt_disable":"","_view_id":"","footnotes":""},"class_list":["post-762","page","type-page","status-publish","hentry"],"acf":[],"_links":{"self":[{"href":"https:\/\/frisksportlager.se\/2026\/wp-json\/wp\/v2\/pages\/762","targetHints":{"allow":["GET"]}}],"collection":[{"href":"https:\/\/frisksportlager.se\/2026\/wp-json\/wp\/v2\/pages"}],"about":[{"href":"https:\/\/frisksportlager.se\/2026\/wp-json\/wp\/v2\/types\/page"}],"author":[{"embeddable":true,"href":"https:\/\/frisksportlager.se\/2026\/wp-json\/wp\/v2\/users\/9"}],"replies":[{"embeddable":true,"href":"https:\/\/frisksportlager.se\/2026\/wp-json\/wp\/v2\/comments?post=762"}],"version-history":[{"count":35,"href":"https:\/\/frisksportlager.se\/2026\/wp-json\/wp\/v2\/pages\/762\/revisions"}],"predecessor-version":[{"id":2090,"href":"https:\/\/frisksportlager.se\/2026\/wp-json\/wp\/v2\/pages\/762\/revisions\/2090"}],"wp:attachment":[{"href":"https:\/\/frisksportlager.se\/2026\/wp-json\/wp\/v2\/media?parent=762"}],"curies":[{"name":"wp","href":"https:\/\/api.w.org\/{rel}","templated":true}]}}