{"id":53,"date":"2024-04-15T11:37:43","date_gmt":"2024-04-15T09:37:43","guid":{"rendered":"https:\/\/frisksportlager.se\/2026\/?page_id=53"},"modified":"2026-04-19T07:52:40","modified_gmt":"2026-04-19T05:52:40","slug":"kontakt","status":"publish","type":"page","link":"https:\/\/frisksportlager.se\/2026\/kontakt\/","title":{"rendered":"Kontakt"},"content":{"rendered":"<p>[et_pb_section fb_built=&#8221;1&#8243; _builder_version=&#8221;4.16&#8243; custom_margin=&#8221;||||false|false&#8221; custom_padding=&#8221;||30px||false|false&#8221; locked=&#8221;off&#8221; global_colors_info=&#8221;{}&#8221;][et_pb_row _builder_version=&#8221;4.16&#8243; global_colors_info=&#8221;{}&#8221;][et_pb_column type=&#8221;4_4&#8243; _builder_version=&#8221;4.16&#8243; global_colors_info=&#8221;{}&#8221;][et_pb_divider color=&#8221;#061466&#8243; _builder_version=&#8221;4.16&#8243; custom_css_main_element=&#8221;border-top-width: 5px;&#8221; global_colors_info=&#8221;{}&#8221;][\/et_pb_divider][\/et_pb_column][\/et_pb_row][et_pb_row column_structure=&#8221;1_3,1_3,1_3&#8243; disabled_on=&#8221;off|off|off&#8221; module_class=&#8221;three-one-columns&#8221; _builder_version=&#8221;4.16&#8243; global_colors_info=&#8221;{}&#8221;][et_pb_column type=&#8221;1_3&#8243; _builder_version=&#8221;4.16&#8243; global_colors_info=&#8221;{}&#8221;][et_pb_image src=&#8221;https:\/\/frisksportlager.se\/2026\/wp-content\/uploads\/sites\/9\/2025\/10\/Emelie.png&#8221; title_text=&#8221;Emelie&#8221; disabled_on=&#8221;off|off|off&#8221; module_id=&#8221;chef&#8221; module_class=&#8221;in-page-link&#8221; _builder_version=&#8221;4.27.4&#8243; width=&#8221;60%&#8221; module_alignment=&#8221;center&#8221; custom_margin=&#8221;20px||10px||false|false&#8221; custom_margin_tablet=&#8221;40px||||false|false&#8221; custom_margin_phone=&#8221;40px||||false|false&#8221; custom_margin_last_edited=&#8221;on|tablet&#8221; border_radii=&#8221;on|50%|50%|50%|50%&#8221; locked=&#8221;off&#8221; global_colors_info=&#8221;{}&#8221;][\/et_pb_image][et_pb_text content_tablet=&#8221;<\/p>\n<h4>Johan Holm<\/h4>\n<h6>L\u00e4gerledning <br \/>CHEF<\/h6>\n<p><a href=\"chef@frisksportlager.se%22\">chef@frisksportlager.se<\/a><\/p>\n<p>&#8221; content_phone=&#8221;<\/p>\n<h4>Johan Holm<\/h4>\n<h6>L\u00e4gerledning &#8211; CHEF<\/h6>\n<p><a href=\"chef@frisksportlager.se%22\">chef@frisksportlager.se<\/a><\/p>\n<p>&#8221; content_last_edited=&#8221;off|desktop&#8221; disabled_on=&#8221;off|off|off&#8221; _builder_version=&#8221;4.27.4&#8243; text_line_height=&#8221;1em&#8221; header_6_line_height=&#8221;1.1em&#8221; text_orientation=&#8221;center&#8221; global_colors_info=&#8221;{}&#8221;]<\/p>\n<h4>Emelie Malmborg<\/h4>\n<h6>L\u00e4gerchef<\/h6>\n<p>[\/et_pb_text][\/et_pb_column][et_pb_column type=&#8221;1_3&#8243; _builder_version=&#8221;4.16&#8243; global_colors_info=&#8221;{}&#8221;][et_pb_image src=&#8221;https:\/\/frisksportlager.se\/2026\/wp-content\/uploads\/sites\/9\/2025\/10\/ELIN-A.png&#8221; title_text=&#8221;ELIN A&#8221; disabled_on=&#8221;off|off|off&#8221; module_id=&#8221;tavling&#8221; module_class=&#8221;in-page-link&#8221; _builder_version=&#8221;4.27.4&#8243; width=&#8221;60%&#8221; module_alignment=&#8221;center&#8221; custom_margin=&#8221;20px||10px||false|false&#8221; custom_margin_tablet=&#8221;40px||||false|false&#8221; custom_margin_phone=&#8221;40px||||false|false&#8221; custom_margin_last_edited=&#8221;on|tablet&#8221; border_radii=&#8221;on|50%|50%|50%|50%&#8221; locked=&#8221;off&#8221; global_colors_info=&#8221;{}&#8221;][\/et_pb_image][et_pb_text content_tablet=&#8221;<\/p>\n<h4>Ingalill From<\/h4>\n<h6>L\u00e4gerledning<br \/> kansli<\/h6>\n<p><a href=\"info@frisksportlager.se%22\">info@frisksportlager.se<\/a><\/p>\n<p>&#8221; content_phone=&#8221;<\/p>\n<h4>Ingalill From<\/h4>\n<h6>L\u00e4gerledning &#8211; kansli<\/h6>\n<p><a href=\"info@frisksportlager.se%22\">info@frisksportlager.se<\/a><\/p>\n<p>&#8221; content_last_edited=&#8221;off|desktop&#8221; disabled_on=&#8221;off|off|off&#8221; _builder_version=&#8221;4.27.6&#8243; text_line_height=&#8221;1em&#8221; header_6_line_height=&#8221;1.1em&#8221; text_orientation=&#8221;center&#8221; hover_enabled=&#8221;0&#8243; locked=&#8221;off&#8221; global_colors_info=&#8221;{}&#8221; sticky_enabled=&#8221;0&#8243;]<\/p>\n<h4>Elin Axstr\u00e5le<\/h4>\n<h6>L\u00e4gerchef<\/h6>\n<p>F\u00f6r fr\u00e5gor maila oss\u00a0<\/p>\n<p><a href=\"mailto:info@frisksportlager.se\">info@frisksportlager.se<\/a><\/p>\n<p>[\/et_pb_text][\/et_pb_column][et_pb_column type=&#8221;1_3&#8243; _builder_version=&#8221;4.16&#8243; global_colors_info=&#8221;{}&#8221;][et_pb_image src=&#8221;https:\/\/frisksportlager.se\/2026\/wp-content\/uploads\/sites\/9\/2025\/10\/Emma2.png&#8221; title_text=&#8221;Emma2&#8243; disabled_on=&#8221;on|on|on&#8221; module_id=&#8221;tavling&#8221; module_class=&#8221;in-page-link&#8221; _builder_version=&#8221;4.27.4&#8243; width=&#8221;60%&#8221; module_alignment=&#8221;center&#8221; custom_margin=&#8221;20px||10px||false|false&#8221; custom_margin_tablet=&#8221;40px||||false|false&#8221; custom_margin_phone=&#8221;40px||||false|false&#8221; custom_margin_last_edited=&#8221;on|tablet&#8221; border_radii=&#8221;on|50%|50%|50%|50%&#8221; disabled=&#8221;on&#8221; locked=&#8221;off&#8221; global_colors_info=&#8221;{}&#8221;][\/et_pb_image][et_pb_text content_tablet=&#8221;<\/p>\n<h4>Bj\u00f6rn Friberg<\/h4>\n<h6>L\u00e4gerledning<br \/>logistik<\/h6>\n<p><a href=\"logistik@frisksportlager.se%22\">logistik@frisksportlager.se<\/a><\/p>\n<p>&#8221; content_phone=&#8221;<\/p>\n<h4>Bj\u00f6rn Friberg<\/h4>\n<h6>L\u00e4gerledning &#8211; logistik<\/h6>\n<p><a href=\"logistik@frisksportlager.se%22\">logistik@frisksportlager.se<\/a><\/p>\n<p>&#8221; content_last_edited=&#8221;off|desktop&#8221; disabled_on=&#8221;on|on|on&#8221; _builder_version=&#8221;4.27.4&#8243; text_line_height=&#8221;1em&#8221; header_6_line_height=&#8221;1.1em&#8221; text_orientation=&#8221;center&#8221; disabled=&#8221;on&#8221; locked=&#8221;off&#8221; global_colors_info=&#8221;{}&#8221;]<\/p>\n<h4>Emma Zetterholm<\/h4>\n<h6>Fr\u00e5gor om webb och marknadsf\u00f6ring<\/h6>\n<p><a href=\"mailto:emma.zetterholm@frisksport.se\">emma.zetterholm@frisksport.se<\/a><\/p>\n<p>[\/et_pb_text][\/et_pb_column][\/et_pb_row][et_pb_row column_structure=&#8221;1_3,1_3,1_3&#8243; disabled_on=&#8221;on|on|on&#8221; module_class=&#8221;three-one-columns&#8221; _builder_version=&#8221;4.20.1&#8243; disabled=&#8221;on&#8221; global_colors_info=&#8221;{}&#8221;][et_pb_column type=&#8221;1_3&#8243; _builder_version=&#8221;4.16&#8243; global_colors_info=&#8221;{}&#8221;][et_pb_image src=&#8221;@ET-DC@eyJkeW5hbWljIjp0cnVlLCJjb250ZW50IjoicG9zdF9hdXRob3JfcHJvZmlsZV9waWN0dXJlIiwic2V0dGluZ3MiOnsiZW5hYmxlX2h0bWwiOiJvZmYifX0=@&#8221; module_id=&#8221;info&#8221; module_class=&#8221;in-page-link&#8221; _builder_version=&#8221;4.22.2&#8243; _dynamic_attributes=&#8221;src&#8221; width=&#8221;60%&#8221; module_alignment=&#8221;center&#8221; custom_margin=&#8221;20px||10px||false|false&#8221; custom_margin_tablet=&#8221;40px||||false|false&#8221; custom_margin_phone=&#8221;40px||||false|false&#8221; custom_margin_last_edited=&#8221;on|tablet&#8221; border_radii=&#8221;on|50%|50%|50%|50%&#8221; locked=&#8221;off&#8221; global_colors_info=&#8221;{}&#8221;][\/et_pb_image][et_pb_text _builder_version=&#8221;4.22.2&#8243; text_line_height=&#8221;1em&#8221; text_orientation=&#8221;center&#8221; global_colors_info=&#8221;{}&#8221;]<\/p>\n<h4>Namn p\u00e5 ansvarig<\/h4>\n<h6>PROGRAM<\/h6>\n<p><a href=\"mailto:program@frisksport.se\">program@frisksport.se<\/a><\/p>\n<p>&nbsp;<\/p>\n<p>[\/et_pb_text][\/et_pb_column][et_pb_column type=&#8221;1_3&#8243; _builder_version=&#8221;4.16&#8243; global_colors_info=&#8221;{}&#8221;][et_pb_image src=&#8221;@ET-DC@eyJkeW5hbWljIjp0cnVlLCJjb250ZW50IjoicG9zdF9hdXRob3JfcHJvZmlsZV9waWN0dXJlIiwic2V0dGluZ3MiOnsiZW5hYmxlX2h0bWwiOiJvZmYifX0=@&#8221; module_id=&#8221;traning&#8221; module_class=&#8221;in-page-link&#8221; _builder_version=&#8221;4.22.2&#8243; _dynamic_attributes=&#8221;src&#8221; width=&#8221;60%&#8221; module_alignment=&#8221;center&#8221; custom_margin=&#8221;20px||10px||false|false&#8221; custom_margin_tablet=&#8221;40px||10px||false|false&#8221; custom_margin_phone=&#8221;40px||10px||false|false&#8221; custom_margin_last_edited=&#8221;on|tablet&#8221; border_radii=&#8221;on|50%|50%|50%|50%&#8221; locked=&#8221;off&#8221; global_colors_info=&#8221;{}&#8221;][\/et_pb_image][et_pb_text content_tablet=&#8221;<\/p>\n<h4>Lotta <span>Milosavljevic<\/span><\/h4>\n<h6>Motion &amp; tr\u00e4ning<\/h6>\n<p><a href=\"traning@frisksportlager.se%22\">traning@frisksportlager.se<\/a><\/p>\n<p>&#8221; content_phone=&#8221;<\/p>\n<h4>Lotta <span>Milosavljevic Olsson<\/span><\/h4>\n<h6>Motion &amp; tr\u00e4ning<\/h6>\n<p><a href=\"traning@frisksportlager.se%22\">traning@frisksportlager.se<\/a><\/p>\n<p>&#8221; content_last_edited=&#8221;on|desktop&#8221; _builder_version=&#8221;4.27.4&#8243; text_line_height=&#8221;1em&#8221; text_orientation=&#8221;center&#8221; locked=&#8221;off&#8221; global_colors_info=&#8221;{}&#8221;]<\/p>\n<h4>Namn p\u00e5 ansvarig<\/h4>\n<h6>Tr\u00e4ning<\/h6>\n<p>[\/et_pb_text][\/et_pb_column][et_pb_column type=&#8221;1_3&#8243; _builder_version=&#8221;4.16&#8243; global_colors_info=&#8221;{}&#8221;][et_pb_image src=&#8221;@ET-DC@eyJkeW5hbWljIjp0cnVlLCJjb250ZW50IjoicG9zdF9hdXRob3JfcHJvZmlsZV9waWN0dXJlIiwic2V0dGluZ3MiOnsiZW5hYmxlX2h0bWwiOiJvZmYifX0=@&#8221; module_id=&#8221;marknadsforing&#8221; module_class=&#8221;in-page-link&#8221; _builder_version=&#8221;4.22.2&#8243; _dynamic_attributes=&#8221;src&#8221; width=&#8221;60%&#8221; module_alignment=&#8221;center&#8221; custom_margin=&#8221;20px||10px||false|false&#8221; custom_margin_tablet=&#8221;40px||10px||false|false&#8221; custom_margin_phone=&#8221;40px||10px||false|false&#8221; custom_margin_last_edited=&#8221;on|tablet&#8221; border_radii=&#8221;on|50%|50%|50%|50%&#8221; locked=&#8221;off&#8221; global_colors_info=&#8221;{}&#8221;][\/et_pb_image][et_pb_text _builder_version=&#8221;4.22.2&#8243; text_line_height=&#8221;1em&#8221; text_orientation=&#8221;center&#8221; locked=&#8221;off&#8221; global_colors_info=&#8221;{}&#8221;]<\/p>\n<h4>Namn p\u00e5 ansvarig<\/h4>\n<h6>Caf\u00e9<\/h6>\n<p>[\/et_pb_text][\/et_pb_column][\/et_pb_row][et_pb_row column_structure=&#8221;1_3,1_3,1_3&#8243; disabled_on=&#8221;on|on|on&#8221; module_class=&#8221;three-one-columns&#8221; _builder_version=&#8221;4.16&#8243; disabled=&#8221;on&#8221; global_colors_info=&#8221;{}&#8221;][et_pb_column type=&#8221;1_3&#8243; _builder_version=&#8221;4.16&#8243; global_colors_info=&#8221;{}&#8221;][et_pb_image src=&#8221;@ET-DC@eyJkeW5hbWljIjp0cnVlLCJjb250ZW50IjoicG9zdF9hdXRob3JfcHJvZmlsZV9waWN0dXJlIiwic2V0dGluZ3MiOnsiZW5hYmxlX2h0bWwiOiJvZmYifX0=@&#8221; module_id=&#8221;barn&#8221; module_class=&#8221;in-page-link&#8221; _builder_version=&#8221;4.22.2&#8243; _dynamic_attributes=&#8221;src&#8221; width=&#8221;60%&#8221; module_alignment=&#8221;center&#8221; custom_margin=&#8221;20px||10px||false|false&#8221; custom_margin_tablet=&#8221;40px||10px||false|false&#8221; custom_margin_phone=&#8221;40px||10px||false|false&#8221; custom_margin_last_edited=&#8221;on|tablet&#8221; border_radii=&#8221;on|50%|50%|50%|50%&#8221; locked=&#8221;off&#8221; global_colors_info=&#8221;{}&#8221;][\/et_pb_image][et_pb_text _builder_version=&#8221;4.22.2&#8243; text_line_height=&#8221;1em&#8221; text_orientation=&#8221;center&#8221; global_colors_info=&#8221;{}&#8221;]<\/p>\n<h4>Namn p\u00e5 ansvarig<\/h4>\n<h6>T\u00e4vling<\/h6>\n<p>[\/et_pb_text][\/et_pb_column][et_pb_column type=&#8221;1_3&#8243; _builder_version=&#8221;4.16&#8243; global_colors_info=&#8221;{}&#8221;][et_pb_image src=&#8221;@ET-DC@eyJkeW5hbWljIjp0cnVlLCJjb250ZW50IjoicG9zdF9hdXRob3JfcHJvZmlsZV9waWN0dXJlIiwic2V0dGluZ3MiOnsiZW5hYmxlX2h0bWwiOiJvZmYifX0=@&#8221; module_id=&#8221;ungdom&#8221; module_class=&#8221;in-page-link&#8221; _builder_version=&#8221;4.22.2&#8243; _dynamic_attributes=&#8221;src&#8221; width=&#8221;60%&#8221; module_alignment=&#8221;center&#8221; custom_margin=&#8221;20px||10px||false|false&#8221; custom_margin_tablet=&#8221;40px||10px||false|false&#8221; custom_margin_phone=&#8221;40px||10px||false|false&#8221; custom_margin_last_edited=&#8221;on|tablet&#8221; border_radii=&#8221;on|50%|50%|50%|50%&#8221; locked=&#8221;off&#8221; global_colors_info=&#8221;{}&#8221;][\/et_pb_image][et_pb_text _builder_version=&#8221;4.22.2&#8243; text_line_height=&#8221;1em&#8221; text_orientation=&#8221;center&#8221; global_colors_info=&#8221;{}&#8221;]<\/p>\n<h4>Namn p\u00e5 ansvarig<\/h4>\n<h6>Ungdom<\/h6>\n<p>[\/et_pb_text][\/et_pb_column][et_pb_column type=&#8221;1_3&#8243; _builder_version=&#8221;4.16&#8243; global_colors_info=&#8221;{}&#8221;][et_pb_image src=&#8221;@ET-DC@eyJkeW5hbWljIjp0cnVlLCJjb250ZW50IjoicG9zdF9hdXRob3JfcHJvZmlsZV9waWN0dXJlIiwic2V0dGluZ3MiOnsiZW5hYmxlX2h0bWwiOiJvZmYifX0=@&#8221; title_text=&#8221;jonas forsmark&#8221; disabled_on=&#8221;off|off|off&#8221; module_id=&#8221;marknadsforing&#8221; module_class=&#8221;in-page-link&#8221; _builder_version=&#8221;4.22.2&#8243; _dynamic_attributes=&#8221;src&#8221; width=&#8221;60%&#8221; module_alignment=&#8221;center&#8221; custom_margin=&#8221;20px||10px||false|false&#8221; custom_margin_tablet=&#8221;40px||10px||false|false&#8221; custom_margin_phone=&#8221;40px||10px||false|false&#8221; custom_margin_last_edited=&#8221;on|tablet&#8221; border_radii=&#8221;on|50%|50%|50%|50%&#8221; locked=&#8221;off&#8221; global_colors_info=&#8221;{}&#8221;][\/et_pb_image][et_pb_text disabled_on=&#8221;off|off|off&#8221; _builder_version=&#8221;4.22.2&#8243; text_line_height=&#8221;1em&#8221; text_orientation=&#8221;center&#8221; locked=&#8221;off&#8221; global_colors_info=&#8221;{}&#8221;]<\/p>\n<h4>Namn p\u00e5 ansvarig<\/h4>\n<h6>\u00c4ventyr<\/h6>\n<p>[\/et_pb_text][\/et_pb_column][\/et_pb_row][et_pb_row column_structure=&#8221;1_3,1_3,1_3&#8243; disabled_on=&#8221;on|on|on&#8221; module_class=&#8221;three-one-columns&#8221; _builder_version=&#8221;4.16&#8243; disabled=&#8221;on&#8221; global_colors_info=&#8221;{}&#8221;][et_pb_column type=&#8221;1_3&#8243; _builder_version=&#8221;4.16&#8243; global_colors_info=&#8221;{}&#8221;][\/et_pb_column][et_pb_column type=&#8221;1_3&#8243; _builder_version=&#8221;4.16&#8243; global_colors_info=&#8221;{}&#8221;][et_pb_image src=&#8221;@ET-DC@eyJkeW5hbWljIjp0cnVlLCJjb250ZW50IjoicG9zdF9hdXRob3JfcHJvZmlsZV9waWN0dXJlIiwic2V0dGluZ3MiOnsiZW5hYmxlX2h0bWwiOiJvZmYifX0=@&#8221; module_id=&#8221;webb&#8221; module_class=&#8221;in-page-link&#8221; _builder_version=&#8221;4.22.2&#8243; _dynamic_attributes=&#8221;src&#8221; width=&#8221;60%&#8221; module_alignment=&#8221;center&#8221; custom_margin=&#8221;20px||10px||false|false&#8221; custom_margin_tablet=&#8221;40px||10px||false|false&#8221; custom_margin_phone=&#8221;40px||10px||false|false&#8221; custom_margin_last_edited=&#8221;on|tablet&#8221; border_radii=&#8221;on|50%|50%|50%|50%&#8221; locked=&#8221;off&#8221; global_colors_info=&#8221;{}&#8221;][\/et_pb_image][et_pb_text _builder_version=&#8221;4.22.2&#8243; text_line_height=&#8221;1em&#8221; text_orientation=&#8221;center&#8221; locked=&#8221;off&#8221; global_colors_info=&#8221;{}&#8221;]<\/p>\n<h4>Namn p\u00e5 ansvarig<\/h4>\n<h6>Personal<\/h6>\n<p><a href=\"mailto:info@frisksportlager.se\">info@frisksportlager.se<\/a><\/p>\n<p>[\/et_pb_text][\/et_pb_column][et_pb_column type=&#8221;1_3&#8243; _builder_version=&#8221;4.16&#8243; global_colors_info=&#8221;{}&#8221;][et_pb_image src=&#8221;@ET-DC@eyJkeW5hbWljIjp0cnVlLCJjb250ZW50IjoicG9zdF9hdXRob3JfcHJvZmlsZV9waWN0dXJlIiwic2V0dGluZ3MiOnsiZW5hYmxlX2h0bWwiOiJvZmYifX0=@&#8221; disabled_on=&#8221;on|on|on&#8221; module_id=&#8221;mat&#8221; module_class=&#8221;in-page-link&#8221; _builder_version=&#8221;4.22.2&#8243; _dynamic_attributes=&#8221;src&#8221; width=&#8221;60%&#8221; module_alignment=&#8221;center&#8221; custom_margin=&#8221;20px||10px||false|false&#8221; custom_margin_tablet=&#8221;40px||10px||false|false&#8221; custom_margin_phone=&#8221;40px||10px||false|false&#8221; custom_margin_last_edited=&#8221;on|tablet&#8221; border_radii=&#8221;on|50%|50%|50%|50%&#8221; disabled=&#8221;on&#8221; locked=&#8221;off&#8221; global_colors_info=&#8221;{}&#8221;][\/et_pb_image][et_pb_text disabled_on=&#8221;on|on|on&#8221; _builder_version=&#8221;4.22.2&#8243; text_line_height=&#8221;1em&#8221; text_orientation=&#8221;center&#8221; disabled=&#8221;on&#8221; locked=&#8221;off&#8221; global_colors_info=&#8221;{}&#8221;]<\/p>\n<h4>Namn p\u00e5 ansvarig<\/h4>\n<h6>MATANSVARIG<\/h6>\n<p><a href=\"mailto:mat@frisksportlager.se\">mat@frisksportlager.se<\/a><\/p>\n<p>[\/et_pb_text][\/et_pb_column][\/et_pb_row][et_pb_row column_structure=&#8221;1_3,1_3,1_3&#8243; disabled_on=&#8221;on|on|on&#8221; module_class=&#8221;three-one-columns&#8221; _builder_version=&#8221;4.16&#8243; disabled=&#8221;on&#8221; global_colors_info=&#8221;{}&#8221;][et_pb_column type=&#8221;1_3&#8243; _builder_version=&#8221;4.16&#8243; global_colors_info=&#8221;{}&#8221;][et_pb_image src=&#8221;@ET-DC@eyJkeW5hbWljIjp0cnVlLCJjb250ZW50IjoicG9zdF9hdXRob3JfcHJvZmlsZV9waWN0dXJlIiwic2V0dGluZ3MiOnsiZW5hYmxlX2h0bWwiOiJvZmYifX0=@&#8221; module_id=&#8221;mark&#8221; module_class=&#8221;in-page-link&#8221; _builder_version=&#8221;4.22.2&#8243; _dynamic_attributes=&#8221;src&#8221; width=&#8221;60%&#8221; module_alignment=&#8221;center&#8221; custom_margin=&#8221;20px||10px||false|false&#8221; custom_margin_tablet=&#8221;40px||10px||false|false&#8221; custom_margin_phone=&#8221;40px||10px||false|false&#8221; custom_margin_last_edited=&#8221;on|tablet&#8221; border_radii=&#8221;on|50%|50%|50%|50%&#8221; locked=&#8221;off&#8221; global_colors_info=&#8221;{}&#8221;][\/et_pb_image][et_pb_text _builder_version=&#8221;4.22.2&#8243; text_line_height=&#8221;1em&#8221; text_orientation=&#8221;center&#8221; locked=&#8221;off&#8221; global_colors_info=&#8221;{}&#8221;]<\/p>\n<h4>Namn p\u00e5 ansvarig<\/h4>\n<h6>\u00c4ventyr<\/h6>\n<p><a href=\"mailto:aventyrssport@frisksportlager.se\">aventyrssport@frisksportlager.se<\/a><\/p>\n<p>[\/et_pb_text][\/et_pb_column][et_pb_column type=&#8221;1_3&#8243; _builder_version=&#8221;4.16&#8243; global_colors_info=&#8221;{}&#8221;][et_pb_image src=&#8221;@ET-DC@eyJkeW5hbWljIjp0cnVlLCJjb250ZW50IjoicG9zdF9hdXRob3JfcHJvZmlsZV9waWN0dXJlIiwic2V0dGluZ3MiOnsiZW5hYmxlX2h0bWwiOiJvZmYifX0=@&#8221; module_id=&#8221;mark&#8221; module_class=&#8221;in-page-link&#8221; _builder_version=&#8221;4.22.2&#8243; _dynamic_attributes=&#8221;src&#8221; width=&#8221;60%&#8221; module_alignment=&#8221;center&#8221; custom_margin=&#8221;20px||10px||false|false&#8221; custom_margin_tablet=&#8221;40px||10px||false|false&#8221; custom_margin_phone=&#8221;40px||10px||false|false&#8221; custom_margin_last_edited=&#8221;on|tablet&#8221; border_radii=&#8221;on|50%|50%|50%|50%&#8221; locked=&#8221;off&#8221; global_colors_info=&#8221;{}&#8221;][\/et_pb_image][et_pb_text _builder_version=&#8221;4.16&#8243; text_line_height=&#8221;1em&#8221; text_orientation=&#8221;center&#8221; locked=&#8221;off&#8221; global_colors_info=&#8221;{}&#8221;]<\/p>\n<h4>Namn p\u00e5 ansvarig<\/h4>\n<h6>Mark &amp; anl\u00e4ggning<\/h6>\n<p><a href=\"mailto:mark@frisksportlager.se\">mark@frisksportlager.se<\/a><\/p>\n<p>[\/et_pb_text][\/et_pb_column][et_pb_column type=&#8221;1_3&#8243; _builder_version=&#8221;4.16&#8243; global_colors_info=&#8221;{}&#8221;][et_pb_image src=&#8221;@ET-DC@eyJkeW5hbWljIjp0cnVlLCJjb250ZW50IjoicG9zdF9hdXRob3JfcHJvZmlsZV9waWN0dXJlIiwic2V0dGluZ3MiOnsiZW5hYmxlX2h0bWwiOiJvZmYifX0=@&#8221; module_id=&#8221;webb&#8221; module_class=&#8221;in-page-link&#8221; _builder_version=&#8221;4.22.2&#8243; _dynamic_attributes=&#8221;src&#8221; width=&#8221;60%&#8221; module_alignment=&#8221;center&#8221; custom_margin=&#8221;20px||10px||false|false&#8221; custom_margin_tablet=&#8221;40px||10px||false|false&#8221; custom_margin_phone=&#8221;40px||10px||false|false&#8221; custom_margin_last_edited=&#8221;on|tablet&#8221; border_radii=&#8221;on|50%|50%|50%|50%&#8221; locked=&#8221;off&#8221; global_colors_info=&#8221;{}&#8221;][\/et_pb_image][et_pb_text _builder_version=&#8221;4.22.2&#8243; text_line_height=&#8221;1em&#8221; text_orientation=&#8221;center&#8221; locked=&#8221;off&#8221; global_colors_info=&#8221;{}&#8221;]<\/p>\n<h4>Namn p\u00e5 ansvarig<\/h4>\n<h6>Webb<\/h6>\n<p><a href=\"mailto:webb@frisksportlager.se\">webb@frisksportlager.se<\/a><\/p>\n<p>[\/et_pb_text][\/et_pb_column][\/et_pb_row][et_pb_row disabled_on=&#8221;on|on|on&#8221; _builder_version=&#8221;4.16&#8243; custom_margin=&#8221;|auto|28px|auto||&#8221; custom_padding=&#8221;||0px||false|false&#8221; disabled=&#8221;on&#8221; global_colors_info=&#8221;{}&#8221;][et_pb_column type=&#8221;4_4&#8243; _builder_version=&#8221;4.16&#8243; global_colors_info=&#8221;{}&#8221;][et_pb_text _builder_version=&#8221;4.22.2&#8243; text_font=&#8221;||||||||&#8221; custom_margin=&#8221;||10px||false|false&#8221; locked=&#8221;off&#8221; global_colors_info=&#8221;{}&#8221;]<\/p>\n<h6>Relaterat<\/h6>\n<p>[\/et_pb_text][et_pb_divider color=&#8221;#061466&#8243; _builder_version=&#8221;4.16&#8243; custom_margin=&#8221;||0px||false|false&#8221; locked=&#8221;off&#8221; global_colors_info=&#8221;{}&#8221;][\/et_pb_divider][et_pb_text disabled_on=&#8221;off|off|off&#8221; module_class=&#8221;relating&#8221; _builder_version=&#8221;4.22.2&#8243; text_font=&#8221;Averta-Bold|||on|||||&#8221; text_text_color=&#8221;#529AEE&#8221; text_letter_spacing=&#8221;1.51px&#8221; text_line_height=&#8221;35px&#8221; background_image=&#8221;https:\/\/frisksportlager.se\/2024\/wp-content\/uploads\/sites\/4\/2024\/02\/pil_webb.png&#8221; background_size=&#8221;contain&#8221; background_position=&#8221;center_left&#8221; custom_margin=&#8221;||20px||false|false&#8221; custom_padding=&#8221;|||50px|false|false&#8221; locked=&#8221;off&#8221; global_colors_info=&#8221;{}&#8221;]<\/p>\n<p>Generar fr\u00e5n Relaterat i dator-vy<\/p>\n<p>[\/et_pb_text][\/et_pb_column][\/et_pb_row][\/et_pb_section]<\/p>\n","protected":false},"excerpt":{"rendered":"<p>Emelie Malmborg L\u00e4gerchefElin Axstr\u00e5le L\u00e4gerchef F\u00f6r fr\u00e5gor maila oss\u00a0 info@frisksportlager.seEmma Zetterholm Fr\u00e5gor om webb och marknadsf\u00f6ring emma.zetterholm@frisksport.seNamn p\u00e5 ansvarig PROGRAM program@frisksport.se &nbsp;Namn p\u00e5 ansvarig Tr\u00e4ningNamn p\u00e5 ansvarig Caf\u00e9Namn p\u00e5 ansvarig T\u00e4vlingNamn p\u00e5 ansvarig UngdomNamn p\u00e5 ansvarig \u00c4ventyrNamn p\u00e5 ansvarig Personal info@frisksportlager.seNamn p\u00e5 ansvarig MATANSVARIG mat@frisksportlager.seNamn p\u00e5 ansvarig \u00c4ventyr aventyrssport@frisksportlager.seNamn p\u00e5 ansvarig Mark &amp; anl\u00e4ggning mark@frisksportlager.seNamn [&hellip;]<\/p>\n","protected":false},"author":4,"featured_media":0,"parent":0,"menu_order":0,"comment_status":"closed","ping_status":"closed","template":"","meta":{"_acf_changed":false,"_et_pb_use_builder":"on","_et_pb_old_content":"","_et_gb_content_width":"","_lmt_disableupdate":"no","_lmt_disable":"","_view_id":"","footnotes":""},"class_list":["post-53","page","type-page","status-publish","hentry"],"acf":[],"_links":{"self":[{"href":"https:\/\/frisksportlager.se\/2026\/wp-json\/wp\/v2\/pages\/53","targetHints":{"allow":["GET"]}}],"collection":[{"href":"https:\/\/frisksportlager.se\/2026\/wp-json\/wp\/v2\/pages"}],"about":[{"href":"https:\/\/frisksportlager.se\/2026\/wp-json\/wp\/v2\/types\/page"}],"author":[{"embeddable":true,"href":"https:\/\/frisksportlager.se\/2026\/wp-json\/wp\/v2\/users\/4"}],"replies":[{"embeddable":true,"href":"https:\/\/frisksportlager.se\/2026\/wp-json\/wp\/v2\/comments?post=53"}],"version-history":[{"count":26,"href":"https:\/\/frisksportlager.se\/2026\/wp-json\/wp\/v2\/pages\/53\/revisions"}],"predecessor-version":[{"id":2349,"href":"https:\/\/frisksportlager.se\/2026\/wp-json\/wp\/v2\/pages\/53\/revisions\/2349"}],"wp:attachment":[{"href":"https:\/\/frisksportlager.se\/2026\/wp-json\/wp\/v2\/media?parent=53"}],"curies":[{"name":"wp","href":"https:\/\/api.w.org\/{rel}","templated":true}]}}