{"id":2249,"date":"2026-04-15T19:31:13","date_gmt":"2026-04-15T17:31:13","guid":{"rendered":"https:\/\/frisksportlager.se\/2026\/?page_id=2249"},"modified":"2026-04-22T21:57:16","modified_gmt":"2026-04-22T19:57:16","slug":"anmalan-till-lagret","status":"publish","type":"page","link":"https:\/\/frisksportlager.se\/2026\/anmalan-till-lagret\/","title":{"rendered":"Anm\u00e4lan till l\u00e4gret"},"content":{"rendered":"<p>[et_pb_section fb_built=&#8221;1&#8243; admin_label=&#8221;Sektion: Anm\u00e4lan via RixAdmin&#8221; _builder_version=&#8221;4.27.6&#8243; _module_preset=&#8221;default&#8221; background_enable_color=&#8221;off&#8221; global_colors_info=&#8221;{}&#8221;][et_pb_row admin_label=&#8221;Anm\u00e4lan till l\u00e4gret l\u00e4nkat till\/fr\u00e5n RixAdmin&#8221; _builder_version=&#8221;4.27.6&#8243; _module_preset=&#8221;default&#8221; background_enable_color=&#8221;off&#8221; custom_margin=&#8221;||||false|false&#8221; custom_padding=&#8221;||||false|false&#8221; global_colors_info=&#8221;{}&#8221;][et_pb_column type=&#8221;4_4&#8243; _builder_version=&#8221;4.27.6&#8243; _module_preset=&#8221;default&#8221; global_colors_info=&#8221;{}&#8221;][et_pb_code admin_label=&#8221;Kod &#8217;Anm\u00e4lan till l\u00e4gret&#8217; Blazor Webassembly (WASM)&#8221; _builder_version=&#8221;4.27.6&#8243; _module_preset=&#8221;default&#8221; background_enable_color=&#8221;off&#8221; hover_enabled=&#8221;0&#8243; global_colors_info=&#8221;{}&#8221; sticky_enabled=&#8221;0&#8243;]<rix-register year=\"2026\" style=\"min-height:90px;\"><\/rix-register>[\/et_pb_code][\/et_pb_column][\/et_pb_row][\/et_pb_section]<\/p>\n","protected":false},"excerpt":{"rendered":"","protected":false},"author":20,"featured_media":0,"parent":0,"menu_order":0,"comment_status":"closed","ping_status":"closed","template":"","meta":{"_acf_changed":false,"_et_pb_use_builder":"on","_et_pb_old_content":"","_et_gb_content_width":"","_lmt_disableupdate":"no","_lmt_disable":"","_view_id":"","footnotes":""},"class_list":["post-2249","page","type-page","status-publish","hentry"],"acf":[],"_links":{"self":[{"href":"https:\/\/frisksportlager.se\/2026\/wp-json\/wp\/v2\/pages\/2249","targetHints":{"allow":["GET"]}}],"collection":[{"href":"https:\/\/frisksportlager.se\/2026\/wp-json\/wp\/v2\/pages"}],"about":[{"href":"https:\/\/frisksportlager.se\/2026\/wp-json\/wp\/v2\/types\/page"}],"author":[{"embeddable":true,"href":"https:\/\/frisksportlager.se\/2026\/wp-json\/wp\/v2\/users\/20"}],"replies":[{"embeddable":true,"href":"https:\/\/frisksportlager.se\/2026\/wp-json\/wp\/v2\/comments?post=2249"}],"version-history":[{"count":19,"href":"https:\/\/frisksportlager.se\/2026\/wp-json\/wp\/v2\/pages\/2249\/revisions"}],"predecessor-version":[{"id":2416,"href":"https:\/\/frisksportlager.se\/2026\/wp-json\/wp\/v2\/pages\/2249\/revisions\/2416"}],"wp:attachment":[{"href":"https:\/\/frisksportlager.se\/2026\/wp-json\/wp\/v2\/media?parent=2249"}],"curies":[{"name":"wp","href":"https:\/\/api.w.org\/{rel}","templated":true}]}}