{"id":2178,"date":"2026-04-15T17:26:15","date_gmt":"2026-04-15T15:26:15","guid":{"rendered":"https:\/\/frisksportlager.se\/2026\/?page_id=2178"},"modified":"2026-04-15T19:21:45","modified_gmt":"2026-04-15T17:21:45","slug":"program","status":"publish","type":"page","link":"https:\/\/frisksportlager.se\/2026\/program\/","title":{"rendered":"Program"},"content":{"rendered":"<p>[et_pb_section fb_built=&#8221;1&#8243; _builder_version=&#8221;4.27.6&#8243; _module_preset=&#8221;default&#8221; global_colors_info=&#8221;{}&#8221;][et_pb_row admin_label=&#8221;L\u00e4gerprogram dag f\u00f6r dag l\u00e4nkat fr\u00e5n RixAdmin&#8221; _builder_version=&#8221;4.27.6&#8243; _module_preset=&#8221;default&#8221; global_colors_info=&#8221;{}&#8221;][et_pb_column type=&#8221;4_4&#8243; _builder_version=&#8221;4.27.6&#8243; _module_preset=&#8221;default&#8221; global_colors_info=&#8221;{}&#8221;][et_pb_divider _builder_version=&#8221;4.27.6&#8243; _module_preset=&#8221;default&#8221; global_colors_info=&#8221;{}&#8221;][\/et_pb_divider][et_pb_code admin_label=&#8221;Kod &#8217;L\u00e4gerprogram&#8217; Blazor Webassembly (WASM)&#8221; _builder_version=&#8221;4.27.6&#8243; _module_preset=&#8221;default&#8221; global_colors_info=&#8221;{}&#8221;]<rix-dayprogram year=\"2026\" style=\"min-height:90px;\"><\/rix-dayprogram>[\/et_pb_code][\/et_pb_column][\/et_pb_row][et_pb_row disabled_on=&#8221;off|off|off&#8221; _builder_version=&#8221;4.27.4&#8243; _module_preset=&#8221;default&#8221; global_colors_info=&#8221;{}&#8221;][et_pb_column type=&#8221;4_4&#8243; _builder_version=&#8221;4.21.0&#8243; _module_preset=&#8221;default&#8221; global_colors_info=&#8221;{}&#8221;][et_pb_divider color=&#8221;#061466&#8243; _builder_version=&#8221;4.16&#8243; custom_margin=&#8221;||0px||false|false&#8221; border_color_all=&#8221;#061466&#8243; global_colors_info=&#8221;{}&#8221;][\/et_pb_divider][et_pb_image src=&#8221;https:\/\/frisksportlager.se\/wp-content\/uploads\/2021\/11\/aventyrbarn.jpg&#8221; title_text=&#8221;\u00e4ventyrbarn&#8221; disabled_on=&#8221;off|off|off&#8221; _builder_version=&#8221;4.20.1&#8243; _module_preset=&#8221;default&#8221; global_colors_info=&#8221;{}&#8221;][\/et_pb_image][\/et_pb_column][\/et_pb_row][\/et_pb_section]<\/p>\n","protected":false},"excerpt":{"rendered":"","protected":false},"author":20,"featured_media":0,"parent":0,"menu_order":0,"comment_status":"closed","ping_status":"closed","template":"","meta":{"_acf_changed":false,"_et_pb_use_builder":"on","_et_pb_old_content":"","_et_gb_content_width":"","_lmt_disableupdate":"no","_lmt_disable":"","_view_id":"","footnotes":""},"class_list":["post-2178","page","type-page","status-publish","hentry"],"acf":[],"_links":{"self":[{"href":"https:\/\/frisksportlager.se\/2026\/wp-json\/wp\/v2\/pages\/2178","targetHints":{"allow":["GET"]}}],"collection":[{"href":"https:\/\/frisksportlager.se\/2026\/wp-json\/wp\/v2\/pages"}],"about":[{"href":"https:\/\/frisksportlager.se\/2026\/wp-json\/wp\/v2\/types\/page"}],"author":[{"embeddable":true,"href":"https:\/\/frisksportlager.se\/2026\/wp-json\/wp\/v2\/users\/20"}],"replies":[{"embeddable":true,"href":"https:\/\/frisksportlager.se\/2026\/wp-json\/wp\/v2\/comments?post=2178"}],"version-history":[{"count":23,"href":"https:\/\/frisksportlager.se\/2026\/wp-json\/wp\/v2\/pages\/2178\/revisions"}],"predecessor-version":[{"id":2246,"href":"https:\/\/frisksportlager.se\/2026\/wp-json\/wp\/v2\/pages\/2178\/revisions\/2246"}],"wp:attachment":[{"href":"https:\/\/frisksportlager.se\/2026\/wp-json\/wp\/v2\/media?parent=2178"}],"curies":[{"name":"wp","href":"https:\/\/api.w.org\/{rel}","templated":true}]}}